{"id":6050,"date":"2021-06-02T17:33:36","date_gmt":"2021-06-02T15:33:36","guid":{"rendered":"http:\/\/medicodentaire.ma\/?post_type=product&#038;p=6050"},"modified":"2021-06-02T17:33:36","modified_gmt":"2021-06-02T15:33:36","slug":"sopix-sopro","status":"publish","type":"product","link":"http:\/\/medicodentaire.ma\/index.php\/produit\/sopix-sopro\/","title":{"rendered":"Sopix  Sopro"},"content":{"rendered":"<p>SOPIX USB R\u00e9f: S8023000<\/p>\n<p>Des images de haute qualit\u00e9.<br \/>\nLes capteurs de la gamme SOPIX assurent une image de haute pr\u00e9cision et des contrastes saisissants qui garantissent l&#8217;\u00e9tablissement d&#8217;un diagnostic plus fiable.<br \/>\nCapteur CMOS \u00e0 fibre optique de 1,5 million de pixels (taille 1).<\/p>\n<p>R\u00e9solution th\u00e9orique de 25 pl\/mm, r\u00e9solution r\u00e9elle &gt; 12 pl\/mm, c\u00e2ble de 3,70 m.<br \/>\nInt\u00e8gre la technologie Ace (Automatic Control Exposure).<br \/>\nLivr\u00e9 avec un support pour capteur, 10 prot\u00e8ge-capteur, le logiciel Sopro Imagine et sa licence.<\/p>\n<p><iframe loading=\"lazy\" title=\"SOPIX FIBER 2 PIXEL technology\" width=\"1170\" height=\"658\" src=\"https:\/\/www.youtube.com\/embed\/xuBS-Zpfxs0?feature=oembed\" frameborder=\"0\" allow=\"accelerometer; autoplay; clipboard-write; encrypted-media; gyroscope; picture-in-picture\" allowfullscreen><\/iframe><\/p>\n","protected":false},"excerpt":{"rendered":"<p>SOPIX USB R\u00e9f: S8023000 Des images de haute qualit\u00e9. Les capteurs de la gamme SOPIX assurent une image de haute pr\u00e9cision et des contrastes saisissants qui garantissent l&#8217;\u00e9tablissement d&#8217;un diagnostic<\/p>\n","protected":false},"featured_media":6051,"comment_status":"open","ping_status":"closed","template":"","meta":{"_acf_changed":false,"_monsterinsights_skip_tracking":false,"_monsterinsights_sitenote_active":false,"_monsterinsights_sitenote_note":"","_monsterinsights_sitenote_category":0},"product_brand":[],"product_cat":[230],"product_tag":[],"class_list":{"0":"post-6050","1":"product","2":"type-product","3":"status-publish","4":"has-post-thumbnail","6":"product_cat-radiologie-dentaire","8":"first","9":"instock","10":"shipping-taxable","11":"purchasable","12":"product-type-simple"},"acf":[],"featured_image_urls_v2":{"full":["http:\/\/medicodentaire.ma\/wp-content\/uploads\/2021\/06\/284.png",1756,1702,false],"thumbnail":["http:\/\/medicodentaire.ma\/wp-content\/uploads\/2021\/06\/284-150x150.png",150,150,true],"medium":["http:\/\/medicodentaire.ma\/wp-content\/uploads\/2021\/06\/284-300x291.png",300,291,true],"medium_large":["http:\/\/medicodentaire.ma\/wp-content\/uploads\/2021\/06\/284-768x744.png",768,744,true],"large":["http:\/\/medicodentaire.ma\/wp-content\/uploads\/2021\/06\/284-1024x993.png",1024,993,true],"1536x1536":["http:\/\/medicodentaire.ma\/wp-content\/uploads\/2021\/06\/284-1536x1489.png",1536,1489,true],"2048x2048":["http:\/\/medicodentaire.ma\/wp-content\/uploads\/2021\/06\/284.png",1756,1702,false],"yith-woocompare-image":["http:\/\/medicodentaire.ma\/wp-content\/uploads\/2021\/06\/284-220x154.png",220,154,true],"woocommerce_thumbnail":["http:\/\/medicodentaire.ma\/wp-content\/uploads\/2021\/06\/284-300x300.png",300,300,true],"woocommerce_single":["http:\/\/medicodentaire.ma\/wp-content\/uploads\/2021\/06\/284-600x582.png",600,582,true],"woocommerce_gallery_thumbnail":["http:\/\/medicodentaire.ma\/wp-content\/uploads\/2021\/06\/284-100x100.png",100,100,true]},"post_excerpt_stackable_v2":"<p>SOPIX USB R\u00e9f: S8023000 Des images de haute qualit\u00e9. Les capteurs de la gamme SOPIX assurent une image de haute pr\u00e9cision et des contrastes saisissants qui garantissent l&#8217;\u00e9tablissement d&#8217;un diagnostic plus fiable. Capteur CMOS \u00e0 fibre optique de 1,5 million de pixels (taille 1). R\u00e9solution th\u00e9orique de 25 pl\/mm, r\u00e9solution r\u00e9elle &gt; 12 pl\/mm, c\u00e2ble de 3,70 m. Int\u00e8gre la technologie Ace (Automatic Control Exposure). Livr\u00e9 avec un support pour capteur, 10 prot\u00e8ge-capteur, le logiciel Sopro Imagine et sa licence.<\/p>\n","category_list_v2":"","author_info_v2":{"name":"","url":""},"comments_num_v2":"0 commentaire","_links":{"self":[{"href":"http:\/\/medicodentaire.ma\/index.php\/wp-json\/wp\/v2\/product\/6050","targetHints":{"allow":["GET"]}}],"collection":[{"href":"http:\/\/medicodentaire.ma\/index.php\/wp-json\/wp\/v2\/product"}],"about":[{"href":"http:\/\/medicodentaire.ma\/index.php\/wp-json\/wp\/v2\/types\/product"}],"replies":[{"embeddable":true,"href":"http:\/\/medicodentaire.ma\/index.php\/wp-json\/wp\/v2\/comments?post=6050"}],"wp:featuredmedia":[{"embeddable":true,"href":"http:\/\/medicodentaire.ma\/index.php\/wp-json\/wp\/v2\/media\/6051"}],"wp:attachment":[{"href":"http:\/\/medicodentaire.ma\/index.php\/wp-json\/wp\/v2\/media?parent=6050"}],"wp:term":[{"taxonomy":"product_brand","embeddable":true,"href":"http:\/\/medicodentaire.ma\/index.php\/wp-json\/wp\/v2\/product_brand?post=6050"},{"taxonomy":"product_cat","embeddable":true,"href":"http:\/\/medicodentaire.ma\/index.php\/wp-json\/wp\/v2\/product_cat?post=6050"},{"taxonomy":"product_tag","embeddable":true,"href":"http:\/\/medicodentaire.ma\/index.php\/wp-json\/wp\/v2\/product_tag?post=6050"}],"curies":[{"name":"wp","href":"https:\/\/api.w.org\/{rel}","templated":true}]}}