{"id":6046,"date":"2021-06-02T17:25:37","date_gmt":"2021-06-02T15:25:37","guid":{"rendered":"http:\/\/medicodentaire.ma\/?post_type=product&#038;p=6046"},"modified":"2021-06-11T16:09:19","modified_gmt":"2021-06-11T14:09:19","slug":"camera-intra-buccale-sopro-617","status":"publish","type":"product","link":"http:\/\/medicodentaire.ma\/index.php\/produit\/camera-intra-buccale-sopro-617\/","title":{"rendered":"Cam\u00e9ra intra buccale Sopro 617"},"content":{"rendered":"<div class=\"small\">\n<h1 class=\"h2 m0 mb0\">Cam\u00e9ra intra-orale SOPRO 617 Acteon<\/h1>\n<\/div>\n<p>La\u00a0<strong>Cam\u00e9ra intra-orale\u00a0SOPRO 617<\/strong>\u00a0d&#8217;<strong>Acteon\u00a0<\/strong>est utilis\u00e9e par les dentistes dans plusieurs pays depuis de nombreuses ann\u00e9es.\u00a0Avec un design \u00e9l\u00e9gant et incurv\u00e9 SOPRO 617 offre\u00a0une vision incroyable.<\/p>\n<h2>LA CAM\u00c9RA SOPRO 617 : UNE CAM\u00c9RA INCONTOURNABLE<\/h2>\n<p>Le\u00a0<span class=\"text-bold\">standard mondial<\/span>,\u00a0<span class=\"text-bold\">SOPRO 617<\/span>\u00a0est depuis quelques ann\u00e9es un appareil incontournable utilis\u00e9\u00a0par de nombreux\u00a0professionnels dentaires, car ces derniers exigent\u00a0de plus en plus\u00a0<span class=\"text-bold\">d&#8217;images de qualit\u00e9 sup\u00e9rieure<\/span>, les praticiens doivent donc s&#8217;orienter vers des technologies de pointe.<\/p>\n<p>L&#8217;appareil vous permet de voir \u00e0\u00a0<span class=\"text-bold\">105\u00b0<\/span>\u00a0afin que vous soyez en mesure de\u00a0<span class=\"text-bold\">visualiser la totalit\u00e9 de la bouche de votre patient<\/span>. Dot\u00e9e d&#8217;une\u00a0<span class=\"text-bold\">forme ronde<\/span>\u00a0et d&#8217;une\u00a0<span class=\"text-bold\">\u00e9troitesse au niveau de la partie distale<\/span>, cette cam\u00e9ra intra-orale d\u00e9range moins le patient une fois dans la cavit\u00e9 buccale.<\/p>\n<h2>DES IMAGES DE HAUTE\u00a0QUALIT\u00c9 AVEC LA CAM\u00c9RA INTRA-ORALE SOPRO 617<\/h2>\n<p>La\u00a0<span class=\"text-bold\">cam\u00e9ra SOPRO 617<\/span>\u00a0poss\u00e8de une\u00a0<span class=\"text-bold\">vue asph\u00e9rique<\/span>, ce qui \u00e9vite les\u00a0<span class=\"text-bold\">aberrations g\u00e9om\u00e9triques<\/span>\u00a0permettant ainsi d&#8217;avoir une\u00a0<span class=\"text-bold\">image de tr\u00e8s haute qualit\u00e9<\/span>\u00a0et ce, sans r\u00e9glage pr\u00e9alable.<\/p>\n<p>Cette cam\u00e9ra est accompagn\u00e9e d&#8217;un\u00a0<span class=\"text-bold\">\u00e9cran tactile SOPROTOUCH<\/span>\u00a0qui vous facilite la vie. En effet, en touchant cet\u00a0\u00e9cran, l&#8217;image se\u00a0fige, et vous\u00a0pourrez\u00a0<span class=\"text-bold\">visualiser parfaitement la surface \u00e0\u00a0traiter<\/span>.<\/p>\n<p>En r\u00e9sum\u00e9, \u00e9quip\u00e9 de la cam\u00e9ra SOPRO 617, vous aurez :<\/p>\n<ul>\n<li>Une accessibilit\u00e9 optimale pour un confort in\u00e9gal\u00e9 du patient<\/li>\n<li>Une vision \u00e0 105\u00b0 pour une meilleure exploration des r\u00e9gions distales<\/li>\n<li>Une image\u00a0de haute qualit\u00e9<\/li>\n<li>Une grande profondeur de champ<\/li>\n<li>Une compatibilit\u00e9 avec un \u00e9cran vid\u00e9o et\/ou un ordinateur<\/li>\n<li>Une simplicit\u00e9 d\u2019emploi<\/li>\n<\/ul>\n<h2>CARACT\u00c9RISTIQUES DE LA CAM\u00c9RA INTRA-ORALE SOPRO 617 ACTEON<\/h2>\n<ul>\n<li>CCD 1\/4\u2019\u2019 haute sensibilit\u00e9.<\/li>\n<li>R\u00e9solution\u00a0: (752&#215;582) PAL\u00a0; (768&#215;494) NTSC.<\/li>\n<li>D\u00e9finition\u00a0: 470 lignes.<\/li>\n<li>Sensibilit\u00e9\u00a0: 2 lux.<\/li>\n<li>Eclairage\u00a0: 8 LED.<\/li>\n<li>R\u00e9glage\u00a0: automatique.<\/li>\n<li>Image non-invers\u00e9e.<\/li>\n<li>Angle de vue\u00a0: 80\u00b0<\/li>\n<li>Longueur du c\u00e2ble\u00a0: 2,5 m (option\u00a0: 5 et 7 m).<\/li>\n<li>Taille de la pi\u00e8ce \u00e0 main\u00a0:\u00a0L. 205 x l. 28 x H. 24 mm.<\/li>\n<li>Taille de la t\u00eate de cam\u00e9ra\u00a0: l\u00a0: 16 x P\u00a0: 11.10 mm.<\/li>\n<li>Poids\u00a0: 55 g.<\/li>\n<\/ul>\n<p><span class=\"text-bold\">1 cam\u00e9ra intra-orale SOPRO 617, 1 support de pi\u00e8ce \u00e0 main, le logiciel Acteon Imaging Suite.<\/span><\/p>\n<p><iframe loading=\"lazy\" title=\"SOPRO 617 camera\" width=\"1170\" height=\"878\" src=\"https:\/\/www.youtube.com\/embed\/LsolqtsHTW0?feature=oembed\" frameborder=\"0\" allow=\"accelerometer; autoplay; clipboard-write; encrypted-media; gyroscope; picture-in-picture\" allowfullscreen><\/iframe><\/p>\n","protected":false},"excerpt":{"rendered":"<p>Cam\u00e9ra intra-orale SOPRO 617 Acteon La\u00a0Cam\u00e9ra intra-orale\u00a0SOPRO 617\u00a0d&#8217;Acteon\u00a0est utilis\u00e9e par les dentistes dans plusieurs pays depuis de nombreuses ann\u00e9es.\u00a0Avec un design \u00e9l\u00e9gant et incurv\u00e9 SOPRO 617 offre\u00a0une vision incroyable. LA<\/p>\n","protected":false},"featured_media":6047,"comment_status":"open","ping_status":"closed","template":"","meta":{"_acf_changed":false,"_monsterinsights_skip_tracking":false,"_monsterinsights_sitenote_active":false,"_monsterinsights_sitenote_note":"","_monsterinsights_sitenote_category":0},"product_brand":[],"product_cat":[230],"product_tag":[],"class_list":{"0":"post-6046","1":"product","2":"type-product","3":"status-publish","4":"has-post-thumbnail","6":"product_cat-radiologie-dentaire","8":"first","9":"instock","10":"shipping-taxable","11":"purchasable","12":"product-type-simple"},"acf":[],"featured_image_urls_v2":{"full":["http:\/\/medicodentaire.ma\/wp-content\/uploads\/2021\/06\/281.jpeg",655,588,false],"thumbnail":["http:\/\/medicodentaire.ma\/wp-content\/uploads\/2021\/06\/281-150x150.jpeg",150,150,true],"medium":["http:\/\/medicodentaire.ma\/wp-content\/uploads\/2021\/06\/281-300x269.jpeg",300,269,true],"medium_large":["http:\/\/medicodentaire.ma\/wp-content\/uploads\/2021\/06\/281.jpeg",655,588,false],"large":["http:\/\/medicodentaire.ma\/wp-content\/uploads\/2021\/06\/281.jpeg",655,588,false],"1536x1536":["http:\/\/medicodentaire.ma\/wp-content\/uploads\/2021\/06\/281.jpeg",655,588,false],"2048x2048":["http:\/\/medicodentaire.ma\/wp-content\/uploads\/2021\/06\/281.jpeg",655,588,false],"yith-woocompare-image":["http:\/\/medicodentaire.ma\/wp-content\/uploads\/2021\/06\/281-220x154.jpeg",220,154,true],"woocommerce_thumbnail":["http:\/\/medicodentaire.ma\/wp-content\/uploads\/2021\/06\/281-300x300.jpeg",300,300,true],"woocommerce_single":["http:\/\/medicodentaire.ma\/wp-content\/uploads\/2021\/06\/281-600x539.jpeg",600,539,true],"woocommerce_gallery_thumbnail":["http:\/\/medicodentaire.ma\/wp-content\/uploads\/2021\/06\/281-100x100.jpeg",100,100,true]},"post_excerpt_stackable_v2":"<p>Cam\u00e9ra intra-orale SOPRO 617 Acteon La\u00a0Cam\u00e9ra intra-orale\u00a0SOPRO 617\u00a0d&#8217;Acteon\u00a0est utilis\u00e9e par les dentistes dans plusieurs pays depuis de nombreuses ann\u00e9es.\u00a0Avec un design \u00e9l\u00e9gant et incurv\u00e9 SOPRO 617 offre\u00a0une vision incroyable. LA CAM\u00c9RA SOPRO 617 : UNE CAM\u00c9RA INCONTOURNABLE Le\u00a0standard mondial,\u00a0SOPRO 617\u00a0est depuis quelques ann\u00e9es un appareil incontournable utilis\u00e9\u00a0par de nombreux\u00a0professionnels dentaires, car ces derniers exigent\u00a0de plus en plus\u00a0d&#8217;images de qualit\u00e9 sup\u00e9rieure, les praticiens doivent donc s&#8217;orienter vers des technologies de pointe. L&#8217;appareil vous permet de voir \u00e0\u00a0105\u00b0\u00a0afin que vous soyez en mesure de\u00a0visualiser la totalit\u00e9 de la bouche de votre patient. Dot\u00e9e d&#8217;une\u00a0forme ronde\u00a0et d&#8217;une\u00a0\u00e9troitesse au niveau de la partie distale,\u2026<\/p>\n","category_list_v2":"","author_info_v2":{"name":"","url":""},"comments_num_v2":"0 commentaire","_links":{"self":[{"href":"http:\/\/medicodentaire.ma\/index.php\/wp-json\/wp\/v2\/product\/6046","targetHints":{"allow":["GET"]}}],"collection":[{"href":"http:\/\/medicodentaire.ma\/index.php\/wp-json\/wp\/v2\/product"}],"about":[{"href":"http:\/\/medicodentaire.ma\/index.php\/wp-json\/wp\/v2\/types\/product"}],"replies":[{"embeddable":true,"href":"http:\/\/medicodentaire.ma\/index.php\/wp-json\/wp\/v2\/comments?post=6046"}],"wp:featuredmedia":[{"embeddable":true,"href":"http:\/\/medicodentaire.ma\/index.php\/wp-json\/wp\/v2\/media\/6047"}],"wp:attachment":[{"href":"http:\/\/medicodentaire.ma\/index.php\/wp-json\/wp\/v2\/media?parent=6046"}],"wp:term":[{"taxonomy":"product_brand","embeddable":true,"href":"http:\/\/medicodentaire.ma\/index.php\/wp-json\/wp\/v2\/product_brand?post=6046"},{"taxonomy":"product_cat","embeddable":true,"href":"http:\/\/medicodentaire.ma\/index.php\/wp-json\/wp\/v2\/product_cat?post=6046"},{"taxonomy":"product_tag","embeddable":true,"href":"http:\/\/medicodentaire.ma\/index.php\/wp-json\/wp\/v2\/product_tag?post=6046"}],"curies":[{"name":"wp","href":"https:\/\/api.w.org\/{rel}","templated":true}]}}