{"id":5996,"date":"2021-05-31T17:10:23","date_gmt":"2021-05-31T15:10:23","guid":{"rendered":"http:\/\/medicodentaire.ma\/?post_type=product&#038;p=5996"},"modified":"2021-05-31T17:10:23","modified_gmt":"2021-05-31T15:10:23","slug":"x-smart-plus-moteur-endodontique","status":"publish","type":"product","link":"http:\/\/medicodentaire.ma\/index.php\/produit\/x-smart-plus-moteur-endodontique\/","title":{"rendered":"X-SMART PLUS Moteur Endodontique"},"content":{"rendered":"<h2>Moteur endodontique X-SMART PLUS pour le traitement du canal radiculaire<\/h2>\n<p>Le\u00a0<strong>moteur X-Smart Plus<\/strong>\u00a0a \u00e9t\u00e9 am\u00e9lior\u00e9, avec notamment un\u00a0<strong>grand \u00e9cran couleur\u00a0<\/strong>et une biblioth\u00e8que de fichiers \u00e0 code couleur qui permet de\u00a0<strong>s\u00e9lectionner les fichiers<\/strong>\u00a0d&#8217;un seul coup d&#8217;\u0153il, gr\u00e2ce au code couleur ISO. Le X-Smart Plus conserve les caract\u00e9ristiques qui ont fait le succ\u00e8s du X-Smart, telles que le petit contre-angle et le bouton marche\/arr\u00eat du moteur de la pi\u00e8ce \u00e0 main. Le moteur fonctionne dans les deux modes,\u00a0<strong>avec une rotation altern\u00e9e du fichier et une rotation continue<\/strong>.<\/p>\n<p>Le micromoteur X-Smart Plus est un appareil simple et facile \u00e0 utiliser, con\u00e7u pour les praticiens dentaires afin de r\u00e9aliser des\u00a0<strong>traitements de canal avec<\/strong>\u00a0la technique de la rotation \u00e0 une rang\u00e9e ou le syst\u00e8me traditionnel de rotation continue. Cela permet au sp\u00e9cialiste de se concentrer totalement sur le patient et le traitement gr\u00e2ce \u00e0 sa simplicit\u00e9 d&#8217;utilisation, ainsi qu&#8217;\u00e0 l&#8217;excellent acc\u00e8s et \u00e0 la<strong>\u00a0grande visibilit\u00e9<\/strong>qu&#8217;offre la pi\u00e8ce \u00e0 main<strong>\u00a0miniature du contre-angle<\/strong>.<\/p>\n<h3>Caract\u00e9ristiques du moteur X-SMART PLUS :<\/h3>\n<ul>\n<li>Mouvement alternatif pour les limes Wave-One, ainsi que rotation continue.<\/li>\n<li>S\u00e9lection de fichiers en un coup d&#8217;\u0153il gr\u00e2ce au code couleur ISO.<\/li>\n<li><strong>Bouton d\u2019allumage et d\u2019arr\u00eat (On\/Off) sur la pi\u00e8ce \u00e0 main.<\/strong><\/li>\n<li>Excellente visibilit\u00e9 et acc\u00e8s gr\u00e2ce \u00e0 la petite t\u00eate de contre-angle.<\/li>\n<li>Biblioth\u00e8que de limes de syst\u00e8mes de rotation continue des portes : Pathfile, Protaper Universal, Program (programmes individuels).<\/li>\n<li>Pour les syst\u00e8mes \u00e0 rotation altern\u00e9e : WaveOne y Reciproc.<\/li>\n<\/ul>\n<p><strong>Contenu\u00a0:<\/strong><\/p>\n<ul>\n<li>Moteur X-SMART PLUS<\/li>\n<li>Pi\u00e8ce \u00e0 main avec c\u00e2ble et connecteur.<\/li>\n<li>Contre-angle X-Smart Plus 6:1.<\/li>\n<li>Support pour la pi\u00e8ce \u00e0 main<\/li>\n<li>Buse de pulv\u00e9risation de type F (utilis\u00e9e pour la lubrification).<\/li>\n<li>Adaptateur de CA mod\u00e8le Cincon Electronics Co. Ltd.<\/li>\n<li>Manuel d&#8217;utilisation.<\/li>\n<\/ul>\n<p><strong>Les garanties X Smart Plus :<\/strong><\/p>\n<ul>\n<li>Unit\u00e9 36 mois<\/li>\n<li>Batterie : 12 mois.<\/li>\n<li>Pi\u00e8ce \u00e0 main 36 mois<\/li>\n<li>Contre-angle 12 mois.<\/li>\n<li>Chargeur : 36 mois<\/li>\n<li>Accessoires 36 mois<\/li>\n<\/ul>\n<p><iframe loading=\"lazy\" title=\"X-smart Plus - Dentsply Maillefer\" width=\"1170\" height=\"658\" src=\"https:\/\/www.youtube.com\/embed\/78GJWJyyDFc?feature=oembed\" frameborder=\"0\" allow=\"accelerometer; autoplay; clipboard-write; encrypted-media; gyroscope; picture-in-picture\" allowfullscreen><\/iframe><\/p>\n","protected":false},"excerpt":{"rendered":"<p>Moteur endodontique X-SMART PLUS pour le traitement du canal radiculaire Le\u00a0moteur X-Smart Plus\u00a0a \u00e9t\u00e9 am\u00e9lior\u00e9, avec notamment un\u00a0grand \u00e9cran couleur\u00a0et une biblioth\u00e8que de fichiers \u00e0 code couleur qui permet de\u00a0s\u00e9lectionner<\/p>\n","protected":false},"featured_media":5997,"comment_status":"open","ping_status":"closed","template":"","meta":{"_acf_changed":false,"_monsterinsights_skip_tracking":false,"_monsterinsights_sitenote_active":false,"_monsterinsights_sitenote_note":"","_monsterinsights_sitenote_category":0},"product_brand":[],"product_cat":[232],"product_tag":[],"class_list":{"0":"post-5996","1":"product","2":"type-product","3":"status-publish","4":"has-post-thumbnail","6":"product_cat-endodontie","8":"first","9":"instock","10":"shipping-taxable","11":"product-type-simple"},"acf":[],"featured_image_urls_v2":{"full":["http:\/\/medicodentaire.ma\/wp-content\/uploads\/2021\/05\/262.jpeg",900,600,false],"thumbnail":["http:\/\/medicodentaire.ma\/wp-content\/uploads\/2021\/05\/262-150x150.jpeg",150,150,true],"medium":["http:\/\/medicodentaire.ma\/wp-content\/uploads\/2021\/05\/262-300x200.jpeg",300,200,true],"medium_large":["http:\/\/medicodentaire.ma\/wp-content\/uploads\/2021\/05\/262-768x512.jpeg",768,512,true],"large":["http:\/\/medicodentaire.ma\/wp-content\/uploads\/2021\/05\/262.jpeg",900,600,false],"1536x1536":["http:\/\/medicodentaire.ma\/wp-content\/uploads\/2021\/05\/262.jpeg",900,600,false],"2048x2048":["http:\/\/medicodentaire.ma\/wp-content\/uploads\/2021\/05\/262.jpeg",900,600,false],"yith-woocompare-image":["http:\/\/medicodentaire.ma\/wp-content\/uploads\/2021\/05\/262-220x154.jpeg",220,154,true],"woocommerce_thumbnail":["http:\/\/medicodentaire.ma\/wp-content\/uploads\/2021\/05\/262-300x300.jpeg",300,300,true],"woocommerce_single":["http:\/\/medicodentaire.ma\/wp-content\/uploads\/2021\/05\/262-600x400.jpeg",600,400,true],"woocommerce_gallery_thumbnail":["http:\/\/medicodentaire.ma\/wp-content\/uploads\/2021\/05\/262-100x100.jpeg",100,100,true]},"post_excerpt_stackable_v2":"<p>Moteur endodontique X-SMART PLUS pour le traitement du canal radiculaire Le\u00a0moteur X-Smart Plus\u00a0a \u00e9t\u00e9 am\u00e9lior\u00e9, avec notamment un\u00a0grand \u00e9cran couleur\u00a0et une biblioth\u00e8que de fichiers \u00e0 code couleur qui permet de\u00a0s\u00e9lectionner les fichiers\u00a0d&#8217;un seul coup d&#8217;\u0153il, gr\u00e2ce au code couleur ISO. Le X-Smart Plus conserve les caract\u00e9ristiques qui ont fait le succ\u00e8s du X-Smart, telles que le petit contre-angle et le bouton marche\/arr\u00eat du moteur de la pi\u00e8ce \u00e0 main. Le moteur fonctionne dans les deux modes,\u00a0avec une rotation altern\u00e9e du fichier et une rotation continue. Le micromoteur X-Smart Plus est un appareil simple et facile \u00e0 utiliser, con\u00e7u pour les\u2026<\/p>\n","category_list_v2":"","author_info_v2":{"name":"","url":""},"comments_num_v2":"0 commentaire","_links":{"self":[{"href":"http:\/\/medicodentaire.ma\/index.php\/wp-json\/wp\/v2\/product\/5996","targetHints":{"allow":["GET"]}}],"collection":[{"href":"http:\/\/medicodentaire.ma\/index.php\/wp-json\/wp\/v2\/product"}],"about":[{"href":"http:\/\/medicodentaire.ma\/index.php\/wp-json\/wp\/v2\/types\/product"}],"replies":[{"embeddable":true,"href":"http:\/\/medicodentaire.ma\/index.php\/wp-json\/wp\/v2\/comments?post=5996"}],"wp:featuredmedia":[{"embeddable":true,"href":"http:\/\/medicodentaire.ma\/index.php\/wp-json\/wp\/v2\/media\/5997"}],"wp:attachment":[{"href":"http:\/\/medicodentaire.ma\/index.php\/wp-json\/wp\/v2\/media?parent=5996"}],"wp:term":[{"taxonomy":"product_brand","embeddable":true,"href":"http:\/\/medicodentaire.ma\/index.php\/wp-json\/wp\/v2\/product_brand?post=5996"},{"taxonomy":"product_cat","embeddable":true,"href":"http:\/\/medicodentaire.ma\/index.php\/wp-json\/wp\/v2\/product_cat?post=5996"},{"taxonomy":"product_tag","embeddable":true,"href":"http:\/\/medicodentaire.ma\/index.php\/wp-json\/wp\/v2\/product_tag?post=5996"}],"curies":[{"name":"wp","href":"https:\/\/api.w.org\/{rel}","templated":true}]}}