{"id":5771,"date":"2021-05-05T13:37:35","date_gmt":"2021-05-05T11:37:35","guid":{"rendered":"http:\/\/medicodentaire.ma\/?post_type=product&#038;p=5771"},"modified":"2021-05-05T13:37:35","modified_gmt":"2021-05-05T11:37:35","slug":"fauteuil-dentaire-nice-glass-miglionico","status":"publish","type":"product","link":"http:\/\/medicodentaire.ma\/index.php\/produit\/fauteuil-dentaire-nice-glass-miglionico\/","title":{"rendered":"fauteuil dentaire NICE GLASS miglionico"},"content":{"rendered":"<p>Nice glass,<br \/>\nla technologie au service de la fonctionnalit\u00e9 et de la s\u00e9curit\u00e9. Simple et polyvalent \u00e0 utiliser, gr\u00e2ce \u00e0 ses caract\u00e9ristiques, il garantit des performances \u00e9lev\u00e9es et une hygi\u00e8ne maximale. Le NiceGlass se caract\u00e9rise par un panneau de commande avec une surface en verre compl\u00e8tement encapsul\u00e9e. Le clavier GLASS est con\u00e7u pour permettre une d\u00e9sinfection et une hygi\u00e8ne rapides et parfaites, sans encourir \u00e0 des probl\u00e8mes li\u00e9s \u00e0 l\u2019usure du temps.<\/p>\n<p><img loading=\"lazy\" decoding=\"async\" class=\"wp-image-5773 aligncenter\" src=\"http:\/\/medicodentaire.ma\/wp-content\/uploads\/2021\/05\/191-300x212.png\" alt=\"\" width=\"692\" height=\"489\" srcset=\"http:\/\/medicodentaire.ma\/wp-content\/uploads\/2021\/05\/191-300x212.png 300w, http:\/\/medicodentaire.ma\/wp-content\/uploads\/2021\/05\/191-600x424.png 600w, http:\/\/medicodentaire.ma\/wp-content\/uploads\/2021\/05\/191-1024x724.png 1024w, http:\/\/medicodentaire.ma\/wp-content\/uploads\/2021\/05\/191-768x543.png 768w, http:\/\/medicodentaire.ma\/wp-content\/uploads\/2021\/05\/191-1536x1086.png 1536w, http:\/\/medicodentaire.ma\/wp-content\/uploads\/2021\/05\/191-2048x1448.png 2048w, http:\/\/medicodentaire.ma\/wp-content\/uploads\/2021\/05\/191-220x154.png 220w\" sizes=\"auto, (max-width: 692px) 100vw, 692px\" \/> <img loading=\"lazy\" decoding=\"async\" class=\" wp-image-5774 aligncenter\" src=\"http:\/\/medicodentaire.ma\/wp-content\/uploads\/2021\/05\/193-300x212.png\" alt=\"\" width=\"693\" height=\"490\" srcset=\"http:\/\/medicodentaire.ma\/wp-content\/uploads\/2021\/05\/193-300x212.png 300w, http:\/\/medicodentaire.ma\/wp-content\/uploads\/2021\/05\/193-600x423.png 600w, http:\/\/medicodentaire.ma\/wp-content\/uploads\/2021\/05\/193-1024x723.png 1024w, http:\/\/medicodentaire.ma\/wp-content\/uploads\/2021\/05\/193-768x542.png 768w, http:\/\/medicodentaire.ma\/wp-content\/uploads\/2021\/05\/193-1536x1084.png 1536w, http:\/\/medicodentaire.ma\/wp-content\/uploads\/2021\/05\/193-2048x1445.png 2048w\" sizes=\"auto, (max-width: 693px) 100vw, 693px\" \/> <img loading=\"lazy\" decoding=\"async\" class=\"wp-image-5775 aligncenter\" src=\"http:\/\/medicodentaire.ma\/wp-content\/uploads\/2021\/05\/194-300x212.png\" alt=\"\" width=\"695\" height=\"491\" srcset=\"http:\/\/medicodentaire.ma\/wp-content\/uploads\/2021\/05\/194-300x212.png 300w, http:\/\/medicodentaire.ma\/wp-content\/uploads\/2021\/05\/194-600x424.png 600w, http:\/\/medicodentaire.ma\/wp-content\/uploads\/2021\/05\/194-1024x724.png 1024w, http:\/\/medicodentaire.ma\/wp-content\/uploads\/2021\/05\/194-768x543.png 768w, http:\/\/medicodentaire.ma\/wp-content\/uploads\/2021\/05\/194-1536x1086.png 1536w, http:\/\/medicodentaire.ma\/wp-content\/uploads\/2021\/05\/194-2048x1447.png 2048w, http:\/\/medicodentaire.ma\/wp-content\/uploads\/2021\/05\/194-220x154.png 220w\" sizes=\"auto, (max-width: 695px) 100vw, 695px\" \/> <img loading=\"lazy\" decoding=\"async\" class=\"alignnone  wp-image-5776 aligncenter\" src=\"http:\/\/medicodentaire.ma\/wp-content\/uploads\/2021\/05\/195-300x211.png\" alt=\"\" width=\"697\" height=\"490\" srcset=\"http:\/\/medicodentaire.ma\/wp-content\/uploads\/2021\/05\/195-300x211.png 300w, http:\/\/medicodentaire.ma\/wp-content\/uploads\/2021\/05\/195-600x423.png 600w, http:\/\/medicodentaire.ma\/wp-content\/uploads\/2021\/05\/195-1024x721.png 1024w, http:\/\/medicodentaire.ma\/wp-content\/uploads\/2021\/05\/195-768x541.png 768w, http:\/\/medicodentaire.ma\/wp-content\/uploads\/2021\/05\/195-1536x1082.png 1536w, http:\/\/medicodentaire.ma\/wp-content\/uploads\/2021\/05\/195-2048x1442.png 2048w, http:\/\/medicodentaire.ma\/wp-content\/uploads\/2021\/05\/195-220x154.png 220w\" sizes=\"auto, (max-width: 697px) 100vw, 697px\" \/> <img loading=\"lazy\" decoding=\"async\" class=\"alignnone  wp-image-5777 aligncenter\" src=\"http:\/\/medicodentaire.ma\/wp-content\/uploads\/2021\/05\/196-300x212.png\" alt=\"\" width=\"696\" height=\"492\" srcset=\"http:\/\/medicodentaire.ma\/wp-content\/uploads\/2021\/05\/196-300x212.png 300w, http:\/\/medicodentaire.ma\/wp-content\/uploads\/2021\/05\/196-600x424.png 600w, http:\/\/medicodentaire.ma\/wp-content\/uploads\/2021\/05\/196-1024x723.png 1024w, http:\/\/medicodentaire.ma\/wp-content\/uploads\/2021\/05\/196-768x543.png 768w, http:\/\/medicodentaire.ma\/wp-content\/uploads\/2021\/05\/196-1536x1085.png 1536w, http:\/\/medicodentaire.ma\/wp-content\/uploads\/2021\/05\/196-2048x1447.png 2048w\" sizes=\"auto, (max-width: 696px) 100vw, 696px\" \/> <img loading=\"lazy\" decoding=\"async\" class=\"alignnone  wp-image-5778 aligncenter\" src=\"http:\/\/medicodentaire.ma\/wp-content\/uploads\/2021\/05\/197-300x212.png\" alt=\"\" width=\"696\" height=\"492\" srcset=\"http:\/\/medicodentaire.ma\/wp-content\/uploads\/2021\/05\/197-300x212.png 300w, http:\/\/medicodentaire.ma\/wp-content\/uploads\/2021\/05\/197-600x423.png 600w, http:\/\/medicodentaire.ma\/wp-content\/uploads\/2021\/05\/197-1024x722.png 1024w, http:\/\/medicodentaire.ma\/wp-content\/uploads\/2021\/05\/197-768x542.png 768w, http:\/\/medicodentaire.ma\/wp-content\/uploads\/2021\/05\/197-1536x1083.png 1536w, http:\/\/medicodentaire.ma\/wp-content\/uploads\/2021\/05\/197-2048x1444.png 2048w\" sizes=\"auto, (max-width: 696px) 100vw, 696px\" \/> <img loading=\"lazy\" decoding=\"async\" class=\"alignnone  wp-image-5779 aligncenter\" src=\"http:\/\/medicodentaire.ma\/wp-content\/uploads\/2021\/05\/198-300x212.png\" alt=\"\" width=\"698\" height=\"493\" srcset=\"http:\/\/medicodentaire.ma\/wp-content\/uploads\/2021\/05\/198-300x212.png 300w, http:\/\/medicodentaire.ma\/wp-content\/uploads\/2021\/05\/198-600x424.png 600w, http:\/\/medicodentaire.ma\/wp-content\/uploads\/2021\/05\/198-1024x723.png 1024w, http:\/\/medicodentaire.ma\/wp-content\/uploads\/2021\/05\/198-768x542.png 768w, http:\/\/medicodentaire.ma\/wp-content\/uploads\/2021\/05\/198-1536x1085.png 1536w, http:\/\/medicodentaire.ma\/wp-content\/uploads\/2021\/05\/198-2048x1446.png 2048w, http:\/\/medicodentaire.ma\/wp-content\/uploads\/2021\/05\/198-220x154.png 220w\" sizes=\"auto, (max-width: 698px) 100vw, 698px\" \/><\/p>\n","protected":false},"excerpt":{"rendered":"<p>Nice glass, la technologie au service de la fonctionnalit\u00e9 et de la s\u00e9curit\u00e9. Simple et polyvalent \u00e0 utiliser, gr\u00e2ce \u00e0 ses caract\u00e9ristiques, il garantit des performances \u00e9lev\u00e9es et une hygi\u00e8ne<\/p>\n","protected":false},"featured_media":5781,"comment_status":"open","ping_status":"closed","template":"","meta":{"_acf_changed":false,"_monsterinsights_skip_tracking":false,"_monsterinsights_sitenote_active":false,"_monsterinsights_sitenote_note":"","_monsterinsights_sitenote_category":0},"product_brand":[],"product_cat":[240],"product_tag":[],"class_list":{"0":"post-5771","1":"product","2":"type-product","3":"status-publish","4":"has-post-thumbnail","6":"product_cat-equipement","8":"first","9":"instock","10":"shipping-taxable","11":"product-type-simple"},"acf":[],"featured_image_urls_v2":{"full":["http:\/\/medicodentaire.ma\/wp-content\/uploads\/2021\/05\/200.jpeg",800,800,false],"thumbnail":["http:\/\/medicodentaire.ma\/wp-content\/uploads\/2021\/05\/200-150x150.jpeg",150,150,true],"medium":["http:\/\/medicodentaire.ma\/wp-content\/uploads\/2021\/05\/200-300x300.jpeg",300,300,true],"medium_large":["http:\/\/medicodentaire.ma\/wp-content\/uploads\/2021\/05\/200-768x768.jpeg",768,768,true],"large":["http:\/\/medicodentaire.ma\/wp-content\/uploads\/2021\/05\/200.jpeg",800,800,false],"1536x1536":["http:\/\/medicodentaire.ma\/wp-content\/uploads\/2021\/05\/200.jpeg",800,800,false],"2048x2048":["http:\/\/medicodentaire.ma\/wp-content\/uploads\/2021\/05\/200.jpeg",800,800,false],"yith-woocompare-image":["http:\/\/medicodentaire.ma\/wp-content\/uploads\/2021\/05\/200-220x154.jpeg",220,154,true],"woocommerce_thumbnail":["http:\/\/medicodentaire.ma\/wp-content\/uploads\/2021\/05\/200-300x300.jpeg",300,300,true],"woocommerce_single":["http:\/\/medicodentaire.ma\/wp-content\/uploads\/2021\/05\/200-600x600.jpeg",600,600,true],"woocommerce_gallery_thumbnail":["http:\/\/medicodentaire.ma\/wp-content\/uploads\/2021\/05\/200-100x100.jpeg",100,100,true]},"post_excerpt_stackable_v2":"<p>Nice glass, la technologie au service de la fonctionnalit\u00e9 et de la s\u00e9curit\u00e9. Simple et polyvalent \u00e0 utiliser, gr\u00e2ce \u00e0 ses caract\u00e9ristiques, il garantit des performances \u00e9lev\u00e9es et une hygi\u00e8ne maximale. Le NiceGlass se caract\u00e9rise par un panneau de commande avec une surface en verre compl\u00e8tement encapsul\u00e9e. Le clavier GLASS est con\u00e7u pour permettre une d\u00e9sinfection et une hygi\u00e8ne rapides et parfaites, sans encourir \u00e0 des probl\u00e8mes li\u00e9s \u00e0 l\u2019usure du temps.<\/p>\n","category_list_v2":"","author_info_v2":{"name":"","url":""},"comments_num_v2":"0 commentaire","_links":{"self":[{"href":"http:\/\/medicodentaire.ma\/index.php\/wp-json\/wp\/v2\/product\/5771","targetHints":{"allow":["GET"]}}],"collection":[{"href":"http:\/\/medicodentaire.ma\/index.php\/wp-json\/wp\/v2\/product"}],"about":[{"href":"http:\/\/medicodentaire.ma\/index.php\/wp-json\/wp\/v2\/types\/product"}],"replies":[{"embeddable":true,"href":"http:\/\/medicodentaire.ma\/index.php\/wp-json\/wp\/v2\/comments?post=5771"}],"wp:featuredmedia":[{"embeddable":true,"href":"http:\/\/medicodentaire.ma\/index.php\/wp-json\/wp\/v2\/media\/5781"}],"wp:attachment":[{"href":"http:\/\/medicodentaire.ma\/index.php\/wp-json\/wp\/v2\/media?parent=5771"}],"wp:term":[{"taxonomy":"product_brand","embeddable":true,"href":"http:\/\/medicodentaire.ma\/index.php\/wp-json\/wp\/v2\/product_brand?post=5771"},{"taxonomy":"product_cat","embeddable":true,"href":"http:\/\/medicodentaire.ma\/index.php\/wp-json\/wp\/v2\/product_cat?post=5771"},{"taxonomy":"product_tag","embeddable":true,"href":"http:\/\/medicodentaire.ma\/index.php\/wp-json\/wp\/v2\/product_tag?post=5771"}],"curies":[{"name":"wp","href":"https:\/\/api.w.org\/{rel}","templated":true}]}}