{"id":5580,"date":"2021-04-29T14:24:40","date_gmt":"2021-04-29T12:24:40","guid":{"rendered":"http:\/\/medicodentaire.ma\/?post_type=product&#038;p=5580"},"modified":"2021-04-29T14:24:40","modified_gmt":"2021-04-29T12:24:40","slug":"x-smart-easy","status":"publish","type":"product","link":"http:\/\/medicodentaire.ma\/index.php\/produit\/x-smart-easy\/","title":{"rendered":"X-Smart Easy"},"content":{"rendered":"<p>X-Smart Easy Sans fil &#8211; l\u00e9ger &#8211; simple d\u2019utilisation Champ de vision et d\u2019acc\u00e8s am\u00e9lior\u00e9: T\u00eate de contre angle miniature et orientable dans 6 positions Libert\u00e9 de mouvements: 1 heure d\u2019utilisation sans recharge Recharge compl\u00e8te en moins de 2 heures Extinction automatique apr\u00e8s 3 minutes de non utilisation Souplesse: Plage compl\u00e8te de r\u00e9glage de vitesse et de couple S\u00e9curit\u00e9: Rotation invers\u00e9e automatique \u00e0 la valeur limite du couple Plage de vitesse: 100 \u00e0 800 t\/min Plage de couples: 0,6 \u00e0 4 N.cm &#8211; Autoreverse on \/ off &#8211; Rotation horaire &#8211; Rotation anti-horaire R\u00e9f : A1022<\/p>\n","protected":false},"excerpt":{"rendered":"<p>X-Smart Easy Sans fil &#8211; l\u00e9ger &#8211; simple d\u2019utilisation Champ de vision et d\u2019acc\u00e8s am\u00e9lior\u00e9: T\u00eate de contre angle miniature et orientable dans 6 positions Libert\u00e9 de mouvements: 1 heure<\/p>\n","protected":false},"featured_media":5581,"comment_status":"open","ping_status":"closed","template":"","meta":{"_acf_changed":false,"_monsterinsights_skip_tracking":false,"_monsterinsights_sitenote_active":false,"_monsterinsights_sitenote_note":"","_monsterinsights_sitenote_category":0},"product_brand":[],"product_cat":[232],"product_tag":[],"class_list":{"0":"post-5580","1":"product","2":"type-product","3":"status-publish","4":"has-post-thumbnail","6":"product_cat-endodontie","8":"first","9":"instock","10":"shipping-taxable","11":"purchasable","12":"product-type-simple"},"acf":[],"featured_image_urls_v2":{"full":["http:\/\/medicodentaire.ma\/wp-content\/uploads\/2021\/04\/79.png",1082,1310,false],"thumbnail":["http:\/\/medicodentaire.ma\/wp-content\/uploads\/2021\/04\/79-150x150.png",150,150,true],"medium":["http:\/\/medicodentaire.ma\/wp-content\/uploads\/2021\/04\/79-248x300.png",248,300,true],"medium_large":["http:\/\/medicodentaire.ma\/wp-content\/uploads\/2021\/04\/79-768x930.png",768,930,true],"large":["http:\/\/medicodentaire.ma\/wp-content\/uploads\/2021\/04\/79-846x1024.png",846,1024,true],"1536x1536":["http:\/\/medicodentaire.ma\/wp-content\/uploads\/2021\/04\/79.png",1082,1310,false],"2048x2048":["http:\/\/medicodentaire.ma\/wp-content\/uploads\/2021\/04\/79.png",1082,1310,false],"yith-woocompare-image":["http:\/\/medicodentaire.ma\/wp-content\/uploads\/2021\/04\/79-220x154.png",220,154,true],"woocommerce_thumbnail":["http:\/\/medicodentaire.ma\/wp-content\/uploads\/2021\/04\/79-300x300.png",300,300,true],"woocommerce_single":["http:\/\/medicodentaire.ma\/wp-content\/uploads\/2021\/04\/79-600x726.png",600,726,true],"woocommerce_gallery_thumbnail":["http:\/\/medicodentaire.ma\/wp-content\/uploads\/2021\/04\/79-100x100.png",100,100,true]},"post_excerpt_stackable_v2":"<p>X-Smart Easy Sans fil &#8211; l\u00e9ger &#8211; simple d\u2019utilisation Champ de vision et d\u2019acc\u00e8s am\u00e9lior\u00e9: T\u00eate de contre angle miniature et orientable dans 6 positions Libert\u00e9 de mouvements: 1 heure d\u2019utilisation sans recharge Recharge compl\u00e8te en moins de 2 heures Extinction automatique apr\u00e8s 3 minutes de non utilisation Souplesse: Plage compl\u00e8te de r\u00e9glage de vitesse et de couple S\u00e9curit\u00e9: Rotation invers\u00e9e automatique \u00e0 la valeur limite du couple Plage de vitesse: 100 \u00e0 800 t\/min Plage de couples: 0,6 \u00e0 4 N.cm &#8211; Autoreverse on \/ off &#8211; Rotation horaire &#8211; Rotation anti-horaire R\u00e9f : A1022<\/p>\n","category_list_v2":"","author_info_v2":{"name":"","url":""},"comments_num_v2":"0 commentaire","_links":{"self":[{"href":"http:\/\/medicodentaire.ma\/index.php\/wp-json\/wp\/v2\/product\/5580","targetHints":{"allow":["GET"]}}],"collection":[{"href":"http:\/\/medicodentaire.ma\/index.php\/wp-json\/wp\/v2\/product"}],"about":[{"href":"http:\/\/medicodentaire.ma\/index.php\/wp-json\/wp\/v2\/types\/product"}],"replies":[{"embeddable":true,"href":"http:\/\/medicodentaire.ma\/index.php\/wp-json\/wp\/v2\/comments?post=5580"}],"wp:featuredmedia":[{"embeddable":true,"href":"http:\/\/medicodentaire.ma\/index.php\/wp-json\/wp\/v2\/media\/5581"}],"wp:attachment":[{"href":"http:\/\/medicodentaire.ma\/index.php\/wp-json\/wp\/v2\/media?parent=5580"}],"wp:term":[{"taxonomy":"product_brand","embeddable":true,"href":"http:\/\/medicodentaire.ma\/index.php\/wp-json\/wp\/v2\/product_brand?post=5580"},{"taxonomy":"product_cat","embeddable":true,"href":"http:\/\/medicodentaire.ma\/index.php\/wp-json\/wp\/v2\/product_cat?post=5580"},{"taxonomy":"product_tag","embeddable":true,"href":"http:\/\/medicodentaire.ma\/index.php\/wp-json\/wp\/v2\/product_tag?post=5580"}],"curies":[{"name":"wp","href":"https:\/\/api.w.org\/{rel}","templated":true}]}}