{"id":5572,"date":"2021-04-29T13:51:42","date_gmt":"2021-04-29T11:51:42","guid":{"rendered":"http:\/\/medicodentaire.ma\/?post_type=product&#038;p=5572"},"modified":"2021-04-29T13:51:42","modified_gmt":"2021-04-29T11:51:42","slug":"h-file-colorinox-2","status":"publish","type":"product","link":"http:\/\/medicodentaire.ma\/index.php\/produit\/h-file-colorinox-2\/","title":{"rendered":"H-File Colorinox"},"content":{"rendered":"<p>H-File Colorinox Normes ISO 008 et sup\u00e9rieur \u00e0 040. R\u00e9f. A016D<\/p>\n","protected":false},"excerpt":{"rendered":"<p>H-File Colorinox Normes ISO 008 et sup\u00e9rieur \u00e0 040. R\u00e9f. A016D<\/p>\n","protected":false},"featured_media":5573,"comment_status":"open","ping_status":"closed","template":"","meta":{"_acf_changed":false,"_monsterinsights_skip_tracking":false,"_monsterinsights_sitenote_active":false,"_monsterinsights_sitenote_note":"","_monsterinsights_sitenote_category":0},"product_brand":[],"product_cat":[232],"product_tag":[],"class_list":{"0":"post-5572","1":"product","2":"type-product","3":"status-publish","4":"has-post-thumbnail","6":"product_cat-endodontie","8":"first","9":"instock","10":"shipping-taxable","11":"purchasable","12":"product-type-simple"},"acf":[],"featured_image_urls_v2":{"full":["http:\/\/medicodentaire.ma\/wp-content\/uploads\/2021\/04\/75-1.png",1014,532,false],"thumbnail":["http:\/\/medicodentaire.ma\/wp-content\/uploads\/2021\/04\/75-1-150x150.png",150,150,true],"medium":["http:\/\/medicodentaire.ma\/wp-content\/uploads\/2021\/04\/75-1-300x157.png",300,157,true],"medium_large":["http:\/\/medicodentaire.ma\/wp-content\/uploads\/2021\/04\/75-1-768x403.png",768,403,true],"large":["http:\/\/medicodentaire.ma\/wp-content\/uploads\/2021\/04\/75-1.png",1014,532,false],"1536x1536":["http:\/\/medicodentaire.ma\/wp-content\/uploads\/2021\/04\/75-1.png",1014,532,false],"2048x2048":["http:\/\/medicodentaire.ma\/wp-content\/uploads\/2021\/04\/75-1.png",1014,532,false],"yith-woocompare-image":["http:\/\/medicodentaire.ma\/wp-content\/uploads\/2021\/04\/75-1-220x154.png",220,154,true],"woocommerce_thumbnail":["http:\/\/medicodentaire.ma\/wp-content\/uploads\/2021\/04\/75-1-300x300.png",300,300,true],"woocommerce_single":["http:\/\/medicodentaire.ma\/wp-content\/uploads\/2021\/04\/75-1-600x315.png",600,315,true],"woocommerce_gallery_thumbnail":["http:\/\/medicodentaire.ma\/wp-content\/uploads\/2021\/04\/75-1-100x100.png",100,100,true]},"post_excerpt_stackable_v2":"<p>H-File Colorinox Normes ISO 008 et sup\u00e9rieur \u00e0 040. R\u00e9f. A016D<\/p>\n","category_list_v2":"","author_info_v2":{"name":"","url":""},"comments_num_v2":"0 commentaire","_links":{"self":[{"href":"http:\/\/medicodentaire.ma\/index.php\/wp-json\/wp\/v2\/product\/5572","targetHints":{"allow":["GET"]}}],"collection":[{"href":"http:\/\/medicodentaire.ma\/index.php\/wp-json\/wp\/v2\/product"}],"about":[{"href":"http:\/\/medicodentaire.ma\/index.php\/wp-json\/wp\/v2\/types\/product"}],"replies":[{"embeddable":true,"href":"http:\/\/medicodentaire.ma\/index.php\/wp-json\/wp\/v2\/comments?post=5572"}],"wp:featuredmedia":[{"embeddable":true,"href":"http:\/\/medicodentaire.ma\/index.php\/wp-json\/wp\/v2\/media\/5573"}],"wp:attachment":[{"href":"http:\/\/medicodentaire.ma\/index.php\/wp-json\/wp\/v2\/media?parent=5572"}],"wp:term":[{"taxonomy":"product_brand","embeddable":true,"href":"http:\/\/medicodentaire.ma\/index.php\/wp-json\/wp\/v2\/product_brand?post=5572"},{"taxonomy":"product_cat","embeddable":true,"href":"http:\/\/medicodentaire.ma\/index.php\/wp-json\/wp\/v2\/product_cat?post=5572"},{"taxonomy":"product_tag","embeddable":true,"href":"http:\/\/medicodentaire.ma\/index.php\/wp-json\/wp\/v2\/product_tag?post=5572"}],"curies":[{"name":"wp","href":"https:\/\/api.w.org\/{rel}","templated":true}]}}