{"id":5494,"date":"2021-04-28T12:33:19","date_gmt":"2021-04-28T10:33:19","guid":{"rendered":"http:\/\/medicodentaire.ma\/?post_type=product&#038;p=5494"},"modified":"2025-01-29T00:13:22","modified_gmt":"2025-01-28T23:13:22","slug":"chambre-noire-bermedi","status":"publish","type":"product","link":"http:\/\/medicodentaire.ma\/index.php\/produit\/chambre-noire-bermedi\/","title":{"rendered":"Chambre Noire      (bermedi)"},"content":{"rendered":"<p>D\u00e9veloppez vos films dans une pi\u00e8ce normalement \u00e9clair\u00e9e, en moins d\u2019une minute! Moul\u00e9e dans un poly\u00e9thyl\u00e8ne durable et r\u00e9sistant aux produits chimiques. Facile \u00e0 utiliser, sa forme ergonomique donne un meilleur acc\u00e8s et plus de place pour le travail des mains. Couvercle inclin\u00e9 de couleur rubis assurant une tr\u00e8s bonne visibilit\u00e9 Excellente stabilit\u00e9 gr\u00e2ce \u00e0 4 ventouses plac\u00e9es sous la base permettant ainsi une parfaire adh\u00e9rence sur la table de travail. 4 bandes velcro sont fix\u00e9es entra la base et le capot assurant ainsi une excellente fixation Le capot de colori beige, se soul\u00e8ve compl\u00e8tement pour un nettoyage ais\u00e9. Livr\u00e9e avec 4 gobelets (2 pour les produits chimiques &#8211; 2 pour le rin\u00e7age) maintenus bien en place dans les compartiments moul\u00e9s \u00e0 la base. 44 x 30 x 30 cm BERMEDI<\/p>\n","protected":false},"excerpt":{"rendered":"<p>D\u00e9veloppez vos films dans une pi\u00e8ce normalement \u00e9clair\u00e9e, en moins d\u2019une minute! Moul\u00e9e dans un poly\u00e9thyl\u00e8ne durable et r\u00e9sistant aux produits chimiques. Facile \u00e0 utiliser, sa forme ergonomique donne un<\/p>\n","protected":false},"featured_media":5495,"comment_status":"open","ping_status":"closed","template":"","meta":{"_acf_changed":false,"_monsterinsights_skip_tracking":false,"_monsterinsights_sitenote_active":false,"_monsterinsights_sitenote_note":"","_monsterinsights_sitenote_category":0},"product_brand":[],"product_cat":[230],"product_tag":[],"class_list":{"0":"post-5494","1":"product","2":"type-product","3":"status-publish","4":"has-post-thumbnail","6":"product_cat-radiologie-dentaire","8":"first","9":"instock","10":"shipping-taxable","11":"purchasable","12":"product-type-simple"},"acf":[],"featured_image_urls_v2":{"full":["http:\/\/medicodentaire.ma\/wp-content\/uploads\/2021\/04\/44.png",1316,910,false],"thumbnail":["http:\/\/medicodentaire.ma\/wp-content\/uploads\/2021\/04\/44-150x150.png",150,150,true],"medium":["http:\/\/medicodentaire.ma\/wp-content\/uploads\/2021\/04\/44-300x207.png",300,207,true],"medium_large":["http:\/\/medicodentaire.ma\/wp-content\/uploads\/2021\/04\/44-768x531.png",768,531,true],"large":["http:\/\/medicodentaire.ma\/wp-content\/uploads\/2021\/04\/44-1024x708.png",1024,708,true],"1536x1536":["http:\/\/medicodentaire.ma\/wp-content\/uploads\/2021\/04\/44.png",1316,910,false],"2048x2048":["http:\/\/medicodentaire.ma\/wp-content\/uploads\/2021\/04\/44.png",1316,910,false],"yith-woocompare-image":["http:\/\/medicodentaire.ma\/wp-content\/uploads\/2021\/04\/44-220x154.png",220,154,true],"woocommerce_thumbnail":["http:\/\/medicodentaire.ma\/wp-content\/uploads\/2021\/04\/44-300x300.png",300,300,true],"woocommerce_single":["http:\/\/medicodentaire.ma\/wp-content\/uploads\/2021\/04\/44-600x415.png",600,415,true],"woocommerce_gallery_thumbnail":["http:\/\/medicodentaire.ma\/wp-content\/uploads\/2021\/04\/44-100x100.png",100,100,true]},"post_excerpt_stackable_v2":"<p>D\u00e9veloppez vos films dans une pi\u00e8ce normalement \u00e9clair\u00e9e, en moins d\u2019une minute! Moul\u00e9e dans un poly\u00e9thyl\u00e8ne durable et r\u00e9sistant aux produits chimiques. Facile \u00e0 utiliser, sa forme ergonomique donne un meilleur acc\u00e8s et plus de place pour le travail des mains. Couvercle inclin\u00e9 de couleur rubis assurant une tr\u00e8s bonne visibilit\u00e9 Excellente stabilit\u00e9 gr\u00e2ce \u00e0 4 ventouses plac\u00e9es sous la base permettant ainsi une parfaire adh\u00e9rence sur la table de travail. 4 bandes velcro sont fix\u00e9es entra la base et le capot assurant ainsi une excellente fixation Le capot de colori beige, se soul\u00e8ve compl\u00e8tement pour un nettoyage ais\u00e9. Livr\u00e9e\u2026<\/p>\n","category_list_v2":"","author_info_v2":{"name":"","url":""},"comments_num_v2":"0 commentaire","_links":{"self":[{"href":"http:\/\/medicodentaire.ma\/index.php\/wp-json\/wp\/v2\/product\/5494","targetHints":{"allow":["GET"]}}],"collection":[{"href":"http:\/\/medicodentaire.ma\/index.php\/wp-json\/wp\/v2\/product"}],"about":[{"href":"http:\/\/medicodentaire.ma\/index.php\/wp-json\/wp\/v2\/types\/product"}],"replies":[{"embeddable":true,"href":"http:\/\/medicodentaire.ma\/index.php\/wp-json\/wp\/v2\/comments?post=5494"}],"wp:featuredmedia":[{"embeddable":true,"href":"http:\/\/medicodentaire.ma\/index.php\/wp-json\/wp\/v2\/media\/5495"}],"wp:attachment":[{"href":"http:\/\/medicodentaire.ma\/index.php\/wp-json\/wp\/v2\/media?parent=5494"}],"wp:term":[{"taxonomy":"product_brand","embeddable":true,"href":"http:\/\/medicodentaire.ma\/index.php\/wp-json\/wp\/v2\/product_brand?post=5494"},{"taxonomy":"product_cat","embeddable":true,"href":"http:\/\/medicodentaire.ma\/index.php\/wp-json\/wp\/v2\/product_cat?post=5494"},{"taxonomy":"product_tag","embeddable":true,"href":"http:\/\/medicodentaire.ma\/index.php\/wp-json\/wp\/v2\/product_tag?post=5494"}],"curies":[{"name":"wp","href":"https:\/\/api.w.org\/{rel}","templated":true}]}}