{"id":5482,"date":"2021-04-27T15:02:12","date_gmt":"2021-04-27T13:02:12","guid":{"rendered":"http:\/\/medicodentaire.ma\/?post_type=product&#038;p=5482"},"modified":"2021-04-27T15:02:13","modified_gmt":"2021-04-27T13:02:13","slug":"bols","status":"publish","type":"product","link":"http:\/\/medicodentaire.ma\/index.php\/produit\/bols\/","title":{"rendered":"Bols"},"content":{"rendered":"<p>\u00c0 platre, en caoutchouc souple R\u00e9f. D1, diam. cm 11, h cm 7.5 R\u00e9f. D2, diam. cm 12.5, h cm 9 R\u00e9f. D3, diam. cm 14, h cm 11,2 R\u00e9f. D4 Flexible jumbo bowl, diam. cm 16,5, h cm 15,4<\/p>\n","protected":false},"excerpt":{"rendered":"<p>\u00c0 platre, en caoutchouc souple R\u00e9f. D1, diam. cm 11, h cm 7.5 R\u00e9f. D2, diam. cm 12.5, h cm 9 R\u00e9f. D3, diam. cm 14, h cm 11,2 R\u00e9f.<\/p>\n","protected":false},"featured_media":5483,"comment_status":"open","ping_status":"closed","template":"","meta":{"_acf_changed":false,"_monsterinsights_skip_tracking":false,"_monsterinsights_sitenote_active":false,"_monsterinsights_sitenote_note":"","_monsterinsights_sitenote_category":0},"product_brand":[],"product_cat":[229],"product_tag":[],"class_list":{"0":"post-5482","1":"product","2":"type-product","3":"status-publish","4":"has-post-thumbnail","6":"product_cat-produits-dempreinte","8":"first","9":"instock","10":"shipping-taxable","11":"purchasable","12":"product-type-simple"},"acf":[],"featured_image_urls_v2":{"full":["http:\/\/medicodentaire.ma\/wp-content\/uploads\/2021\/04\/39.png",826,602,false],"thumbnail":["http:\/\/medicodentaire.ma\/wp-content\/uploads\/2021\/04\/39-150x150.png",150,150,true],"medium":["http:\/\/medicodentaire.ma\/wp-content\/uploads\/2021\/04\/39-300x219.png",300,219,true],"medium_large":["http:\/\/medicodentaire.ma\/wp-content\/uploads\/2021\/04\/39-768x560.png",768,560,true],"large":["http:\/\/medicodentaire.ma\/wp-content\/uploads\/2021\/04\/39.png",826,602,false],"1536x1536":["http:\/\/medicodentaire.ma\/wp-content\/uploads\/2021\/04\/39.png",826,602,false],"2048x2048":["http:\/\/medicodentaire.ma\/wp-content\/uploads\/2021\/04\/39.png",826,602,false],"yith-woocompare-image":["http:\/\/medicodentaire.ma\/wp-content\/uploads\/2021\/04\/39-220x154.png",220,154,true],"woocommerce_thumbnail":["http:\/\/medicodentaire.ma\/wp-content\/uploads\/2021\/04\/39-300x300.png",300,300,true],"woocommerce_single":["http:\/\/medicodentaire.ma\/wp-content\/uploads\/2021\/04\/39-600x437.png",600,437,true],"woocommerce_gallery_thumbnail":["http:\/\/medicodentaire.ma\/wp-content\/uploads\/2021\/04\/39-100x100.png",100,100,true]},"post_excerpt_stackable_v2":"<p>\u00c0 platre, en caoutchouc souple R\u00e9f. D1, diam. cm 11, h cm 7.5 R\u00e9f. D2, diam. cm 12.5, h cm 9 R\u00e9f. D3, diam. cm 14, h cm 11,2 R\u00e9f. D4 Flexible jumbo bowl, diam. cm 16,5, h cm 15,4<\/p>\n","category_list_v2":"","author_info_v2":{"name":"","url":""},"comments_num_v2":"0 commentaire","_links":{"self":[{"href":"http:\/\/medicodentaire.ma\/index.php\/wp-json\/wp\/v2\/product\/5482","targetHints":{"allow":["GET"]}}],"collection":[{"href":"http:\/\/medicodentaire.ma\/index.php\/wp-json\/wp\/v2\/product"}],"about":[{"href":"http:\/\/medicodentaire.ma\/index.php\/wp-json\/wp\/v2\/types\/product"}],"replies":[{"embeddable":true,"href":"http:\/\/medicodentaire.ma\/index.php\/wp-json\/wp\/v2\/comments?post=5482"}],"wp:featuredmedia":[{"embeddable":true,"href":"http:\/\/medicodentaire.ma\/index.php\/wp-json\/wp\/v2\/media\/5483"}],"wp:attachment":[{"href":"http:\/\/medicodentaire.ma\/index.php\/wp-json\/wp\/v2\/media?parent=5482"}],"wp:term":[{"taxonomy":"product_brand","embeddable":true,"href":"http:\/\/medicodentaire.ma\/index.php\/wp-json\/wp\/v2\/product_brand?post=5482"},{"taxonomy":"product_cat","embeddable":true,"href":"http:\/\/medicodentaire.ma\/index.php\/wp-json\/wp\/v2\/product_cat?post=5482"},{"taxonomy":"product_tag","embeddable":true,"href":"http:\/\/medicodentaire.ma\/index.php\/wp-json\/wp\/v2\/product_tag?post=5482"}],"curies":[{"name":"wp","href":"https:\/\/api.w.org\/{rel}","templated":true}]}}