{"id":5473,"date":"2021-04-27T14:48:55","date_gmt":"2021-04-27T12:48:55","guid":{"rendered":"http:\/\/medicodentaire.ma\/?post_type=product&#038;p=5473"},"modified":"2021-04-27T14:48:55","modified_gmt":"2021-04-27T12:48:55","slug":"porte-empreintes-inox","status":"publish","type":"product","link":"http:\/\/medicodentaire.ma\/index.php\/produit\/porte-empreintes-inox\/","title":{"rendered":"Porte Empreintes Inox"},"content":{"rendered":"<p><strong>\u00a0 non perfor\u00e9<\/strong><\/p>\n<p>&#8211; M-531-9065: PE inox perfor\u00e9 du haut XXS\u00a0 \u00a0 \u00a0 \u00a0 \u00a0 \u00a0 \u00a0 \u00a0 \u00a0 \u00a0&#8211; M-531-9066: PE inox perfor\u00e9 du bas XXS<\/p>\n<p>&#8211; M-531-9067: PE inox perfor\u00e9 du haut XS\u00a0 \u00a0 \u00a0 \u00a0 \u00a0 \u00a0 \u00a0 \u00a0 \u00a0 \u00a0 \u00a0 \u00a0&#8211; M-531-9068: PE inox perfor\u00e9 du bas XS<\/p>\n<p>&#8211; M-531-9069: PE inox perfor\u00e9 du haut S\u00a0 \u00a0 \u00a0 \u00a0 \u00a0 \u00a0 \u00a0 \u00a0 \u00a0 \u00a0 \u00a0 \u00a0 \u00a0&#8211; M-531-9070: PE inox perfor\u00e9 du bas S<\/p>\n<p><strong>perfor\u00e9<\/strong><\/p>\n<p>&#8211; M-531-9071: PE inox perfor\u00e9 du haut M\u00a0 \u00a0 \u00a0 \u00a0 \u00a0 \u00a0 \u00a0 \u00a0 \u00a0 \u00a0 \u00a0 \u00a0 \u00a0 &#8211; M-531-9072: PE inox perfor\u00e9 du bas M<\/p>\n<p>&#8211; M-531-9073: PE inox perfor\u00e9 du haut L\u00a0 \u00a0 \u00a0 \u00a0 \u00a0 \u00a0 \u00a0 \u00a0 \u00a0 \u00a0 \u00a0 \u00a0 \u00a0 &#8211; M-531-9074: PE inox perfor\u00e9 du bas L<\/p>\n<p>&#8211; M-531-9075: PE inox perfor\u00e9 du haut XL\u00a0 \u00a0 \u00a0 \u00a0 \u00a0 \u00a0 \u00a0 \u00a0 \u00a0 \u00a0 \u00a0 \u00a0&#8211; M-531-9076: PE inox perfor\u00e9 du bas XL<\/p>\n<p>&nbsp;<\/p>\n","protected":false},"excerpt":{"rendered":"<p>\u00a0 non perfor\u00e9 &#8211; M-531-9065: PE inox perfor\u00e9 du haut XXS\u00a0 \u00a0 \u00a0 \u00a0 \u00a0 \u00a0 \u00a0 \u00a0 \u00a0 \u00a0&#8211; M-531-9066: PE inox perfor\u00e9 du bas XXS &#8211; M-531-9067: PE<\/p>\n","protected":false},"featured_media":5474,"comment_status":"open","ping_status":"closed","template":"","meta":{"_acf_changed":false,"_monsterinsights_skip_tracking":false,"_monsterinsights_sitenote_active":false,"_monsterinsights_sitenote_note":"","_monsterinsights_sitenote_category":0},"product_brand":[],"product_cat":[229],"product_tag":[],"class_list":{"0":"post-5473","1":"product","2":"type-product","3":"status-publish","4":"has-post-thumbnail","6":"product_cat-produits-dempreinte","8":"first","9":"instock","10":"shipping-taxable","11":"purchasable","12":"product-type-simple"},"acf":[],"featured_image_urls_v2":{"full":["http:\/\/medicodentaire.ma\/wp-content\/uploads\/2021\/04\/34.png",1190,758,false],"thumbnail":["http:\/\/medicodentaire.ma\/wp-content\/uploads\/2021\/04\/34-150x150.png",150,150,true],"medium":["http:\/\/medicodentaire.ma\/wp-content\/uploads\/2021\/04\/34-300x191.png",300,191,true],"medium_large":["http:\/\/medicodentaire.ma\/wp-content\/uploads\/2021\/04\/34-768x489.png",768,489,true],"large":["http:\/\/medicodentaire.ma\/wp-content\/uploads\/2021\/04\/34-1024x652.png",1024,652,true],"1536x1536":["http:\/\/medicodentaire.ma\/wp-content\/uploads\/2021\/04\/34.png",1190,758,false],"2048x2048":["http:\/\/medicodentaire.ma\/wp-content\/uploads\/2021\/04\/34.png",1190,758,false],"yith-woocompare-image":["http:\/\/medicodentaire.ma\/wp-content\/uploads\/2021\/04\/34-220x154.png",220,154,true],"woocommerce_thumbnail":["http:\/\/medicodentaire.ma\/wp-content\/uploads\/2021\/04\/34-300x300.png",300,300,true],"woocommerce_single":["http:\/\/medicodentaire.ma\/wp-content\/uploads\/2021\/04\/34-600x382.png",600,382,true],"woocommerce_gallery_thumbnail":["http:\/\/medicodentaire.ma\/wp-content\/uploads\/2021\/04\/34-100x100.png",100,100,true]},"post_excerpt_stackable_v2":"<p>\u00a0 non perfor\u00e9 &#8211; M-531-9065: PE inox perfor\u00e9 du haut XXS\u00a0 \u00a0 \u00a0 \u00a0 \u00a0 \u00a0 \u00a0 \u00a0 \u00a0 \u00a0&#8211; M-531-9066: PE inox perfor\u00e9 du bas XXS &#8211; M-531-9067: PE inox perfor\u00e9 du haut XS\u00a0 \u00a0 \u00a0 \u00a0 \u00a0 \u00a0 \u00a0 \u00a0 \u00a0 \u00a0 \u00a0 \u00a0&#8211; M-531-9068: PE inox perfor\u00e9 du bas XS &#8211; M-531-9069: PE inox perfor\u00e9 du haut S\u00a0 \u00a0 \u00a0 \u00a0 \u00a0 \u00a0 \u00a0 \u00a0 \u00a0 \u00a0 \u00a0 \u00a0 \u00a0&#8211; M-531-9070: PE inox perfor\u00e9 du bas S perfor\u00e9 &#8211; M-531-9071: PE inox perfor\u00e9 du haut M\u00a0 \u00a0 \u00a0 \u00a0 \u00a0 \u00a0 \u00a0 \u00a0 \u00a0 \u00a0 \u00a0 \u00a0\u2026<\/p>\n","category_list_v2":"","author_info_v2":{"name":"","url":""},"comments_num_v2":"0 commentaire","_links":{"self":[{"href":"http:\/\/medicodentaire.ma\/index.php\/wp-json\/wp\/v2\/product\/5473","targetHints":{"allow":["GET"]}}],"collection":[{"href":"http:\/\/medicodentaire.ma\/index.php\/wp-json\/wp\/v2\/product"}],"about":[{"href":"http:\/\/medicodentaire.ma\/index.php\/wp-json\/wp\/v2\/types\/product"}],"replies":[{"embeddable":true,"href":"http:\/\/medicodentaire.ma\/index.php\/wp-json\/wp\/v2\/comments?post=5473"}],"wp:featuredmedia":[{"embeddable":true,"href":"http:\/\/medicodentaire.ma\/index.php\/wp-json\/wp\/v2\/media\/5474"}],"wp:attachment":[{"href":"http:\/\/medicodentaire.ma\/index.php\/wp-json\/wp\/v2\/media?parent=5473"}],"wp:term":[{"taxonomy":"product_brand","embeddable":true,"href":"http:\/\/medicodentaire.ma\/index.php\/wp-json\/wp\/v2\/product_brand?post=5473"},{"taxonomy":"product_cat","embeddable":true,"href":"http:\/\/medicodentaire.ma\/index.php\/wp-json\/wp\/v2\/product_cat?post=5473"},{"taxonomy":"product_tag","embeddable":true,"href":"http:\/\/medicodentaire.ma\/index.php\/wp-json\/wp\/v2\/product_tag?post=5473"}],"curies":[{"name":"wp","href":"https:\/\/api.w.org\/{rel}","templated":true}]}}