{"id":5392,"date":"2021-04-15T12:43:21","date_gmt":"2021-04-15T10:43:21","guid":{"rendered":"http:\/\/medicodentaire.ma\/?post_type=product&#038;p=5392"},"modified":"2021-06-11T16:38:04","modified_gmt":"2021-06-11T14:38:04","slug":"unisepta-wipes","status":"publish","type":"product","link":"http:\/\/medicodentaire.ma\/index.php\/produit\/unisepta-wipes\/","title":{"rendered":"Unisepta Wipes"},"content":{"rendered":"<p>Unisepta Plus Wipes Lingettes pr\u00eates \u00e0 l\u2019emploi, \u00e0 usage unique, pour la d\u00e9sinfection rapide des surfaces des dispositifs m\u00e9dicaux non invasifs. Les lingettes Unisepta Plus Wipes sont impr\u00e9gn\u00e9es de la solution Unisepta Plus. Tr\u00e8s pratiques, \u00e9conomiques et avec un large spectre d\u2019activit\u00e9, elles sont id\u00e9ales pour une utilisation entre deux patients.<\/p>\n<p>Conditionnement : Bo\u00eete de 150 lingettes<\/p>\n","protected":false},"excerpt":{"rendered":"<p>Unisepta Plus Wipes Lingettes pr\u00eates \u00e0 l\u2019emploi, \u00e0 usage unique, pour la d\u00e9sinfection rapide des surfaces des dispositifs m\u00e9dicaux non invasifs. Les lingettes Unisepta Plus Wipes sont impr\u00e9gn\u00e9es de la<\/p>\n","protected":false},"featured_media":5393,"comment_status":"open","ping_status":"closed","template":"","meta":{"_acf_changed":false,"_monsterinsights_skip_tracking":false,"_monsterinsights_sitenote_active":false,"_monsterinsights_sitenote_note":"","_monsterinsights_sitenote_category":0},"product_brand":[],"product_cat":[227],"product_tag":[],"class_list":{"0":"post-5392","1":"product","2":"type-product","3":"status-publish","4":"has-post-thumbnail","6":"product_cat-hygiene-desinfection-dsterilisation","8":"first","9":"instock","10":"shipping-taxable","11":"purchasable","12":"product-type-simple"},"acf":[],"featured_image_urls_v2":{"full":["http:\/\/medicodentaire.ma\/wp-content\/uploads\/2021\/04\/4_Plan-de-travail-.png",582,844,false],"thumbnail":["http:\/\/medicodentaire.ma\/wp-content\/uploads\/2021\/04\/4_Plan-de-travail--150x150.png",150,150,true],"medium":["http:\/\/medicodentaire.ma\/wp-content\/uploads\/2021\/04\/4_Plan-de-travail--207x300.png",207,300,true],"medium_large":["http:\/\/medicodentaire.ma\/wp-content\/uploads\/2021\/04\/4_Plan-de-travail-.png",582,844,false],"large":["http:\/\/medicodentaire.ma\/wp-content\/uploads\/2021\/04\/4_Plan-de-travail-.png",582,844,false],"1536x1536":["http:\/\/medicodentaire.ma\/wp-content\/uploads\/2021\/04\/4_Plan-de-travail-.png",582,844,false],"2048x2048":["http:\/\/medicodentaire.ma\/wp-content\/uploads\/2021\/04\/4_Plan-de-travail-.png",582,844,false],"yith-woocompare-image":["http:\/\/medicodentaire.ma\/wp-content\/uploads\/2021\/04\/4_Plan-de-travail--220x154.png",220,154,true],"woocommerce_thumbnail":["http:\/\/medicodentaire.ma\/wp-content\/uploads\/2021\/04\/4_Plan-de-travail--300x300.png",300,300,true],"woocommerce_single":["http:\/\/medicodentaire.ma\/wp-content\/uploads\/2021\/04\/4_Plan-de-travail-.png",582,844,false],"woocommerce_gallery_thumbnail":["http:\/\/medicodentaire.ma\/wp-content\/uploads\/2021\/04\/4_Plan-de-travail--100x100.png",100,100,true]},"post_excerpt_stackable_v2":"<p>Unisepta Plus Wipes Lingettes pr\u00eates \u00e0 l\u2019emploi, \u00e0 usage unique, pour la d\u00e9sinfection rapide des surfaces des dispositifs m\u00e9dicaux non invasifs. Les lingettes Unisepta Plus Wipes sont impr\u00e9gn\u00e9es de la solution Unisepta Plus. Tr\u00e8s pratiques, \u00e9conomiques et avec un large spectre d\u2019activit\u00e9, elles sont id\u00e9ales pour une utilisation entre deux patients. Conditionnement : Bo\u00eete de 150 lingettes<\/p>\n","category_list_v2":"","author_info_v2":{"name":"","url":""},"comments_num_v2":"0 commentaire","_links":{"self":[{"href":"http:\/\/medicodentaire.ma\/index.php\/wp-json\/wp\/v2\/product\/5392","targetHints":{"allow":["GET"]}}],"collection":[{"href":"http:\/\/medicodentaire.ma\/index.php\/wp-json\/wp\/v2\/product"}],"about":[{"href":"http:\/\/medicodentaire.ma\/index.php\/wp-json\/wp\/v2\/types\/product"}],"replies":[{"embeddable":true,"href":"http:\/\/medicodentaire.ma\/index.php\/wp-json\/wp\/v2\/comments?post=5392"}],"wp:featuredmedia":[{"embeddable":true,"href":"http:\/\/medicodentaire.ma\/index.php\/wp-json\/wp\/v2\/media\/5393"}],"wp:attachment":[{"href":"http:\/\/medicodentaire.ma\/index.php\/wp-json\/wp\/v2\/media?parent=5392"}],"wp:term":[{"taxonomy":"product_brand","embeddable":true,"href":"http:\/\/medicodentaire.ma\/index.php\/wp-json\/wp\/v2\/product_brand?post=5392"},{"taxonomy":"product_cat","embeddable":true,"href":"http:\/\/medicodentaire.ma\/index.php\/wp-json\/wp\/v2\/product_cat?post=5392"},{"taxonomy":"product_tag","embeddable":true,"href":"http:\/\/medicodentaire.ma\/index.php\/wp-json\/wp\/v2\/product_tag?post=5392"}],"curies":[{"name":"wp","href":"https:\/\/api.w.org\/{rel}","templated":true}]}}