{"id":11284,"date":"2025-02-07T09:59:01","date_gmt":"2025-02-07T08:59:01","guid":{"rendered":"http:\/\/medicodentaire.ma\/?post_type=product&#038;p=11284"},"modified":"2025-02-07T10:59:40","modified_gmt":"2025-02-07T09:59:40","slug":"elite-fill-p","status":"publish","type":"product","link":"http:\/\/medicodentaire.ma\/index.php\/produit\/elite-fill-p\/","title":{"rendered":"ELITE FILL-P"},"content":{"rendered":"<p class=\"p1\">Cat\u00e9gorie : APPAREILS ENDO<\/p>\n<p class=\"p1\">Colle rotative \u00e0 360\u00b0, aiguille d&#8217;injection, peut \u00eatre<\/p>\n<p class=\"p1\">pli\u00e9e \u00e0 n&#8217;importe quel angle pr\u00e9d\u00e9\u2000ni pour une utilisation<\/p>\n<p class=\"p1\">multi-angle facile,<\/p>\n<p class=\"p1\">conception ergonomique pour une prise confortable.<\/p>\n<p class=\"p1\">Mod\u00e8le : ELITE FILL-G<\/p>\n<p class=\"p1\">Batterie : 1900mAh<\/p>\n<p class=\"p1\">Taille du paquet : 253x225x85mm<\/p>\n<p class=\"p1\">Temp\u00e9rature : 150 \u00b0C, 180 \u00b0C, 200 \u00b0C, 230 \u00b0C<\/p>\n<p class=\"p1\">Entr\u00e9e adaptateur secteur : 100- 240VAC 50\/60Hz0.8A<\/p>\n<p class=\"p1\">Sortie de l&#8217;adaptateur secteur : DC15V1.6A<\/p>\n<p class=\"p1\">Temps de charge : environ 2,5 heures (3 heures pour<\/p>\n<p class=\"p1\">la premi\u00e8re charge)<\/p>\n<p class=\"p1\">D\u00e9tails du produit:<\/p>\n<p class=\"p1\">caract\u00e9ristiques du produit Mont\u00e9e en temp\u00e9rature<\/p>\n<p class=\"p1\">extr\u00eamement rapide : monte \u00e0 200\u00b0C<\/p>\n<p class=\"p1\">en 5 secondesAiguille d&#8217;injection<\/p>\n<p class=\"p1\">de colle rotative \u00e0 360\u00b0 : peut \u00eatre pli\u00e9e \u00e0 n&#8217;importe<\/p>\n<p class=\"p1\">quel angle pr\u00e9d\u00e9\u2000ni pour une<\/p>\n<p class=\"p1\">utilisation multi-angle facile.<\/p>\n<p class=\"p1\">\u00c9quip\u00e9 d&#8217;un bouclier thermique : prot\u00e8ge les patients et les m\u00e9decins des br\u00fblures.<\/p>\n<p class=\"p1\">Conception anti-poussi\u00e8re du compartiment de colle dentaire : \u00e9viter la contamination<\/p>\n<p class=\"p1\">Double a\u2000chage sur \u00e9cran gauche et droit : op\u00e9ration facile pour<\/p>\n<p class=\"p1\">la main droite et la main gauche<\/p>\n<p class=\"p1\">Design attrayant : design ergonomique pour une prise en main confortable.<\/p>\n<p class=\"p1\">Autonomie de la batterie de 4 heures : prend en charge la charge rapide<\/p>\n<p class=\"p1\">L&#8217;aiguille d&#8217;injection du pistolet Obturation<\/p>\n<p class=\"p1\">D\u00e9tails du produit:<\/p>\n<p class=\"p1\">Caract\u00e9ristiques et avantages du produit<\/p>\n<p class=\"p1\">\u2022 Dur\u00e9e de vie de la batterie de 4 heures. Prise en charge d&#8217;une charge rapide<\/p>\n<p class=\"p1\">\u2022 1 seconde de chau\u2000age rapide<\/p>\n<p class=\"p1\">o 1 seconde de refroidissement rapide pour prot\u00e9ger le patient<\/p>\n<p class=\"p1\">o La direction de l&#8217;a\u2000chage peut \u00eatre ajust\u00e9e<\/p>\n<p class=\"p1\">o Appuyez longuement pendant 2 secondes pour changer la direction du texte a\u2000ch\u00e9.<\/p>\n<p class=\"p1\">S&#8217;adapter aux habitudes de fonctionnement des mains gauche et droite.<\/p>\n<p class=\"p1\">o Signal d&#8217;invite de double op\u00e9ration<\/p>\n<p class=\"p1\">o A\u2000chage en temps r\u00e9el de l&#8217;\u00e9tat de fonctionnement, fonctionnement avec un son rapide<\/p>\n<p class=\"p1\">o Aiguille chau\u2000ante pr\u00e9-pliable<\/p>\n<p class=\"p1\">o 6 angles r\u00e9glables<\/p>\n<p class=\"p1\">o Appuyez sur l&#8217;interrupteur de chau\u2000age, apr\u00e8s 10 secondes<\/p>\n<p class=\"p1\">o Il arr\u00eatera automatiquement de chau\u2000er<\/p>\n<p class=\"p1\">Pr\u00e9cautions<\/p>\n<p class=\"p1\">\u2022 Veuillez charger la machine pendant au moins 3 heures avant de l&#8217;utiliser pour la premi\u00e8re fois.<\/p>\n<p class=\"p1\">\u2022 Veuillez vous assurer que la pointe de travail est install\u00e9e en place avant utilisation<\/p>\n<p class=\"p1\">pour \u00e9viter qu&#8217;elle ne tombe pendant l&#8217;utilisation.<\/p>\n<p class=\"p1\">\u2022 Ne pas installer, d\u00e9monter ou remplacer la pointe de travail lorsqu&#8217;elle est chau\u2000\u00e9e.<\/p>\n<p class=\"p1\">\u2022 Ne polissez pas la pointe de travail.<\/p>\n<p class=\"p1\">\u2022 Veuillez \u00e9teindre l&#8217;interrupteur d&#8217;alimentation imm\u00e9diatement apr\u00e8s avoir utilis\u00e9 la machine.<\/p>\n<p><img loading=\"lazy\" decoding=\"async\" class=\"alignnone wp-image-11285\" src=\"http:\/\/medicodentaire.ma\/wp-content\/uploads\/2025\/02\/Capture-decran-2025-02-07-a-09.57.17-300x133.png\" alt=\"\" width=\"519\" height=\"230\" srcset=\"http:\/\/medicodentaire.ma\/wp-content\/uploads\/2025\/02\/Capture-decran-2025-02-07-a-09.57.17-300x133.png 300w, http:\/\/medicodentaire.ma\/wp-content\/uploads\/2025\/02\/Capture-decran-2025-02-07-a-09.57.17-600x265.png 600w, http:\/\/medicodentaire.ma\/wp-content\/uploads\/2025\/02\/Capture-decran-2025-02-07-a-09.57.17-1024x453.png 1024w, http:\/\/medicodentaire.ma\/wp-content\/uploads\/2025\/02\/Capture-decran-2025-02-07-a-09.57.17-768x340.png 768w, http:\/\/medicodentaire.ma\/wp-content\/uploads\/2025\/02\/Capture-decran-2025-02-07-a-09.57.17.png 1388w\" sizes=\"auto, (max-width: 519px) 100vw, 519px\" \/><\/p>\n<p><iframe loading=\"lazy\" title=\"Obturation System \uff08Obturation Pen\uff08ELITE FILL-P\uff09\uff09\" width=\"1170\" height=\"658\" src=\"https:\/\/www.youtube.com\/embed\/_LxovpXYs6Y?feature=oembed\" frameborder=\"0\" allow=\"accelerometer; autoplay; clipboard-write; encrypted-media; gyroscope; picture-in-picture; web-share\" referrerpolicy=\"strict-origin-when-cross-origin\" allowfullscreen><\/iframe><\/p>\n","protected":false},"excerpt":{"rendered":"<p>Cat\u00e9gorie : APPAREILS ENDO Colle rotative \u00e0 360\u00b0, aiguille d&#8217;injection, peut \u00eatre pli\u00e9e \u00e0 n&#8217;importe quel angle pr\u00e9d\u00e9\u2000ni pour une utilisation multi-angle facile, conception ergonomique pour une prise confortable. Mod\u00e8le<\/p>\n","protected":false},"featured_media":11289,"comment_status":"open","ping_status":"closed","template":"","meta":{"_acf_changed":false,"_monsterinsights_skip_tracking":false,"_monsterinsights_sitenote_active":false,"_monsterinsights_sitenote_note":"","_monsterinsights_sitenote_category":0},"product_brand":[],"product_cat":[240],"product_tag":[],"class_list":{"0":"post-11284","1":"product","2":"type-product","3":"status-publish","4":"has-post-thumbnail","6":"product_cat-equipement","8":"first","9":"instock","10":"shipping-taxable","11":"purchasable","12":"product-type-simple"},"acf":[],"featured_image_urls_v2":{"full":["http:\/\/medicodentaire.ma\/wp-content\/uploads\/2025\/02\/Capture-decran-2025-02-07-a-10.00.22-1.png",656,464,false],"thumbnail":["http:\/\/medicodentaire.ma\/wp-content\/uploads\/2025\/02\/Capture-decran-2025-02-07-a-10.00.22-1-150x150.png",150,150,true],"medium":["http:\/\/medicodentaire.ma\/wp-content\/uploads\/2025\/02\/Capture-decran-2025-02-07-a-10.00.22-1-300x212.png",300,212,true],"medium_large":["http:\/\/medicodentaire.ma\/wp-content\/uploads\/2025\/02\/Capture-decran-2025-02-07-a-10.00.22-1.png",656,464,false],"large":["http:\/\/medicodentaire.ma\/wp-content\/uploads\/2025\/02\/Capture-decran-2025-02-07-a-10.00.22-1.png",656,464,false],"1536x1536":["http:\/\/medicodentaire.ma\/wp-content\/uploads\/2025\/02\/Capture-decran-2025-02-07-a-10.00.22-1.png",656,464,false],"2048x2048":["http:\/\/medicodentaire.ma\/wp-content\/uploads\/2025\/02\/Capture-decran-2025-02-07-a-10.00.22-1.png",656,464,false],"yith-woocompare-image":["http:\/\/medicodentaire.ma\/wp-content\/uploads\/2025\/02\/Capture-decran-2025-02-07-a-10.00.22-1-220x154.png",220,154,true],"woocommerce_thumbnail":["http:\/\/medicodentaire.ma\/wp-content\/uploads\/2025\/02\/Capture-decran-2025-02-07-a-10.00.22-1-300x300.png",300,300,true],"woocommerce_single":["http:\/\/medicodentaire.ma\/wp-content\/uploads\/2025\/02\/Capture-decran-2025-02-07-a-10.00.22-1-600x424.png",600,424,true],"woocommerce_gallery_thumbnail":["http:\/\/medicodentaire.ma\/wp-content\/uploads\/2025\/02\/Capture-decran-2025-02-07-a-10.00.22-1-100x100.png",100,100,true]},"post_excerpt_stackable_v2":"<p>Cat\u00e9gorie : APPAREILS ENDO Colle rotative \u00e0 360\u00b0, aiguille d&#8217;injection, peut \u00eatre pli\u00e9e \u00e0 n&#8217;importe quel angle pr\u00e9d\u00e9\u2000ni pour une utilisation multi-angle facile, conception ergonomique pour une prise confortable. Mod\u00e8le : ELITE FILL-G Batterie : 1900mAh Taille du paquet : 253x225x85mm Temp\u00e9rature : 150 \u00b0C, 180 \u00b0C, 200 \u00b0C, 230 \u00b0C Entr\u00e9e adaptateur secteur : 100- 240VAC 50\/60Hz0.8A Sortie de l&#8217;adaptateur secteur : DC15V1.6A Temps de charge : environ 2,5 heures (3 heures pour la premi\u00e8re charge) D\u00e9tails du produit: caract\u00e9ristiques du produit Mont\u00e9e en temp\u00e9rature extr\u00eamement rapide : monte \u00e0 200\u00b0C en 5 secondesAiguille d&#8217;injection de colle rotative \u00e0\u2026<\/p>\n","category_list_v2":"","author_info_v2":{"name":"","url":""},"comments_num_v2":"0 commentaire","_links":{"self":[{"href":"http:\/\/medicodentaire.ma\/index.php\/wp-json\/wp\/v2\/product\/11284","targetHints":{"allow":["GET"]}}],"collection":[{"href":"http:\/\/medicodentaire.ma\/index.php\/wp-json\/wp\/v2\/product"}],"about":[{"href":"http:\/\/medicodentaire.ma\/index.php\/wp-json\/wp\/v2\/types\/product"}],"replies":[{"embeddable":true,"href":"http:\/\/medicodentaire.ma\/index.php\/wp-json\/wp\/v2\/comments?post=11284"}],"wp:featuredmedia":[{"embeddable":true,"href":"http:\/\/medicodentaire.ma\/index.php\/wp-json\/wp\/v2\/media\/11289"}],"wp:attachment":[{"href":"http:\/\/medicodentaire.ma\/index.php\/wp-json\/wp\/v2\/media?parent=11284"}],"wp:term":[{"taxonomy":"product_brand","embeddable":true,"href":"http:\/\/medicodentaire.ma\/index.php\/wp-json\/wp\/v2\/product_brand?post=11284"},{"taxonomy":"product_cat","embeddable":true,"href":"http:\/\/medicodentaire.ma\/index.php\/wp-json\/wp\/v2\/product_cat?post=11284"},{"taxonomy":"product_tag","embeddable":true,"href":"http:\/\/medicodentaire.ma\/index.php\/wp-json\/wp\/v2\/product_tag?post=11284"}],"curies":[{"name":"wp","href":"https:\/\/api.w.org\/{rel}","templated":true}]}}