{"id":11282,"date":"2025-02-07T09:55:44","date_gmt":"2025-02-07T08:55:44","guid":{"rendered":"http:\/\/medicodentaire.ma\/?post_type=product&#038;p=11282"},"modified":"2025-02-07T09:55:44","modified_gmt":"2025-02-07T08:55:44","slug":"elite-fill-g","status":"publish","type":"product","link":"http:\/\/medicodentaire.ma\/index.php\/produit\/elite-fill-g\/","title":{"rendered":"ELITE FILL-G"},"content":{"rendered":"<p class=\"p1\">Cat\u00e9gorie : APPAREILS ENDO<\/p>\n<p class=\"p1\">Colle rotative \u00e0 360\u00b0, aiguille d&#8217;injection,<\/p>\n<p class=\"p1\">peut \u00eatre pli\u00e9e \u00e0 n&#8217;importe<\/p>\n<p class=\"p1\">quel angle pr\u00e9d\u00e9\u2000ni pour une utilisation<\/p>\n<p class=\"p1\">multi-angle facile,<\/p>\n<p class=\"p1\">conception ergonomique pour une prise confortable.<\/p>\n<p class=\"p1\">Mod\u00e8le : ELITE FILL-G<\/p>\n<p class=\"p1\">Batterie : 1900mAh<\/p>\n<p class=\"p1\">Taille du paquet : 253x225x85mm<\/p>\n<p class=\"p1\">Temp\u00e9rature : 150 \u00b0C, 180 \u00b0C, 200 \u00b0C, 230 \u00b0C<\/p>\n<p class=\"p1\">Entr\u00e9e adaptateur secteur : 100- 240VAC 50\/60Hz0.8A<\/p>\n<p class=\"p1\">Sortie de l&#8217;adaptateur secteur : DC15V1.6A<\/p>\n<p class=\"p1\">Temps de charge : environ 2,5 heures (3 heures pour la premi\u00e8re charge)<\/p>\n<p class=\"p1\">D\u00e9tails du produit:<\/p>\n<p class=\"p1\">caract\u00e9ristiques du produit Mont\u00e9e en temp\u00e9rature extr\u00eamement rapide : monte \u00e0 200\u00b0C<\/p>\n<p class=\"p1\">en 5 secondes Aiguille d&#8217;injection de colle rotative \u00e0 360\u00b0 : peut \u00eatre pli\u00e9e \u00e0 n&#8217;importe<\/p>\n<p class=\"p1\">quel angle pr\u00e9d\u00e9\u2000ni pour une utilisation multi-angle facile.<\/p>\n<p class=\"p1\">\u00c9quip\u00e9 d&#8217;un bouclier thermique : prot\u00e8ge les patients et les m\u00e9decins des br\u00fblures.<\/p>\n<p class=\"p1\">Conception anti-poussi\u00e8re du compartiment de colle dentaire : \u00e9viter la contamination<\/p>\n<p class=\"p1\">Double a\u2000chage sur \u00e9cran gauche et droit : op\u00e9ration facile pour<\/p>\n<p class=\"p1\">la main droite et la main gauche Design attrayant : design ergonomique pour une<\/p>\n<p class=\"p1\">prise en main confortable.<\/p>\n<p class=\"p1\">Autonomie de la batterie de 4 heures : prend en charge la charge rapide<\/p>\n<p class=\"p1\">L&#8217;aiguille d&#8217;injection du pistolet Obturation<\/p>\n<p><iframe loading=\"lazy\" title=\"\u3010\ud835\udc11\ud835\udc28\ud835\udc20\ud835\udc22\ud835\udc27 \ud835\udc16\ud835\udc1e\ud835\udc1e\ud835\udc24\ud835\udc25\ud835\udc32\u3011\ud835\udc11\ud835\udc28\ud835\udc20\ud835\udc22\ud835\udc27 \ud835\udc04\ud835\udc25\ud835\udc22\ud835\udc2d\ud835\udc1e \ud835\udc05\ud835\udc22\ud835\udc25\ud835\udc25-\ud835\udc06 \ud835\udc0e\ud835\udc1b\ud835\udc2d\ud835\udc2e\ud835\udc2b\ud835\udc1a\ud835\udc2d\ud835\udc22\ud835\udc28\ud835\udc27 \ud835\udc12\ud835\udc32\ud835\udc2c\ud835\udc2d\ud835\udc1e\ud835\udc26\" width=\"1170\" height=\"658\" src=\"https:\/\/www.youtube.com\/embed\/ta_QSqIQ_sE?feature=oembed\" frameborder=\"0\" allow=\"accelerometer; autoplay; clipboard-write; encrypted-media; gyroscope; picture-in-picture; web-share\" referrerpolicy=\"strict-origin-when-cross-origin\" allowfullscreen><\/iframe><\/p>\n","protected":false},"excerpt":{"rendered":"<p>Cat\u00e9gorie : APPAREILS ENDO Colle rotative \u00e0 360\u00b0, aiguille d&#8217;injection, peut \u00eatre pli\u00e9e \u00e0 n&#8217;importe quel angle pr\u00e9d\u00e9\u2000ni pour une utilisation multi-angle facile, conception ergonomique pour une prise confortable. Mod\u00e8le<\/p>\n","protected":false},"featured_media":11283,"comment_status":"open","ping_status":"closed","template":"","meta":{"_acf_changed":false,"_monsterinsights_skip_tracking":false,"_monsterinsights_sitenote_active":false,"_monsterinsights_sitenote_note":"","_monsterinsights_sitenote_category":0},"product_brand":[],"product_cat":[240],"product_tag":[],"class_list":{"0":"post-11282","1":"product","2":"type-product","3":"status-publish","4":"has-post-thumbnail","6":"product_cat-equipement","8":"first","9":"instock","10":"shipping-taxable","11":"purchasable","12":"product-type-simple"},"acf":[],"featured_image_urls_v2":{"full":["http:\/\/medicodentaire.ma\/wp-content\/uploads\/2025\/02\/Capture-decran-2025-02-07-a-09.53.48.png",1198,784,false],"thumbnail":["http:\/\/medicodentaire.ma\/wp-content\/uploads\/2025\/02\/Capture-decran-2025-02-07-a-09.53.48-150x150.png",150,150,true],"medium":["http:\/\/medicodentaire.ma\/wp-content\/uploads\/2025\/02\/Capture-decran-2025-02-07-a-09.53.48-300x196.png",300,196,true],"medium_large":["http:\/\/medicodentaire.ma\/wp-content\/uploads\/2025\/02\/Capture-decran-2025-02-07-a-09.53.48-768x503.png",768,503,true],"large":["http:\/\/medicodentaire.ma\/wp-content\/uploads\/2025\/02\/Capture-decran-2025-02-07-a-09.53.48-1024x670.png",1024,670,true],"1536x1536":["http:\/\/medicodentaire.ma\/wp-content\/uploads\/2025\/02\/Capture-decran-2025-02-07-a-09.53.48.png",1198,784,false],"2048x2048":["http:\/\/medicodentaire.ma\/wp-content\/uploads\/2025\/02\/Capture-decran-2025-02-07-a-09.53.48.png",1198,784,false],"yith-woocompare-image":["http:\/\/medicodentaire.ma\/wp-content\/uploads\/2025\/02\/Capture-decran-2025-02-07-a-09.53.48-220x154.png",220,154,true],"woocommerce_thumbnail":["http:\/\/medicodentaire.ma\/wp-content\/uploads\/2025\/02\/Capture-decran-2025-02-07-a-09.53.48-300x300.png",300,300,true],"woocommerce_single":["http:\/\/medicodentaire.ma\/wp-content\/uploads\/2025\/02\/Capture-decran-2025-02-07-a-09.53.48-600x393.png",600,393,true],"woocommerce_gallery_thumbnail":["http:\/\/medicodentaire.ma\/wp-content\/uploads\/2025\/02\/Capture-decran-2025-02-07-a-09.53.48-100x100.png",100,100,true]},"post_excerpt_stackable_v2":"<p>Cat\u00e9gorie : APPAREILS ENDO Colle rotative \u00e0 360\u00b0, aiguille d&#8217;injection, peut \u00eatre pli\u00e9e \u00e0 n&#8217;importe quel angle pr\u00e9d\u00e9\u2000ni pour une utilisation multi-angle facile, conception ergonomique pour une prise confortable. Mod\u00e8le : ELITE FILL-G Batterie : 1900mAh Taille du paquet : 253x225x85mm Temp\u00e9rature : 150 \u00b0C, 180 \u00b0C, 200 \u00b0C, 230 \u00b0C Entr\u00e9e adaptateur secteur : 100- 240VAC 50\/60Hz0.8A Sortie de l&#8217;adaptateur secteur : DC15V1.6A Temps de charge : environ 2,5 heures (3 heures pour la premi\u00e8re charge) D\u00e9tails du produit: caract\u00e9ristiques du produit Mont\u00e9e en temp\u00e9rature extr\u00eamement rapide : monte \u00e0 200\u00b0C en 5 secondes Aiguille d&#8217;injection de colle rotative\u2026<\/p>\n","category_list_v2":"","author_info_v2":{"name":"","url":""},"comments_num_v2":"0 commentaire","_links":{"self":[{"href":"http:\/\/medicodentaire.ma\/index.php\/wp-json\/wp\/v2\/product\/11282","targetHints":{"allow":["GET"]}}],"collection":[{"href":"http:\/\/medicodentaire.ma\/index.php\/wp-json\/wp\/v2\/product"}],"about":[{"href":"http:\/\/medicodentaire.ma\/index.php\/wp-json\/wp\/v2\/types\/product"}],"replies":[{"embeddable":true,"href":"http:\/\/medicodentaire.ma\/index.php\/wp-json\/wp\/v2\/comments?post=11282"}],"wp:featuredmedia":[{"embeddable":true,"href":"http:\/\/medicodentaire.ma\/index.php\/wp-json\/wp\/v2\/media\/11283"}],"wp:attachment":[{"href":"http:\/\/medicodentaire.ma\/index.php\/wp-json\/wp\/v2\/media?parent=11282"}],"wp:term":[{"taxonomy":"product_brand","embeddable":true,"href":"http:\/\/medicodentaire.ma\/index.php\/wp-json\/wp\/v2\/product_brand?post=11282"},{"taxonomy":"product_cat","embeddable":true,"href":"http:\/\/medicodentaire.ma\/index.php\/wp-json\/wp\/v2\/product_cat?post=11282"},{"taxonomy":"product_tag","embeddable":true,"href":"http:\/\/medicodentaire.ma\/index.php\/wp-json\/wp\/v2\/product_tag?post=11282"}],"curies":[{"name":"wp","href":"https:\/\/api.w.org\/{rel}","templated":true}]}}