{"id":11274,"date":"2025-02-07T09:25:39","date_gmt":"2025-02-07T08:25:39","guid":{"rendered":"http:\/\/medicodentaire.ma\/?post_type=product&#038;p=11274"},"modified":"2025-02-07T09:25:39","modified_gmt":"2025-02-07T08:25:39","slug":"rm-2000plus-surgical-microscope","status":"publish","type":"product","link":"http:\/\/medicodentaire.ma\/index.php\/produit\/rm-2000plus-surgical-microscope\/","title":{"rendered":"RM-2000PLUS Surgical Microscope"},"content":{"rendered":"<p class=\"p1\"><strong>D\u00e9tails du produit: featured functions :\u00a0<\/strong><\/p>\n<p class=\"p2\">*Grossissement en 5 \u00e9tapes<\/p>\n<p class=\"p2\">\u2022 Technologie de lentille import\u00e9e, excellente qualit\u00e9 optique<\/p>\n<p class=\"p2\">\u2022 Distance de travail de 198 \u00e0 455 mm<\/p>\n<p class=\"p2\">\u2022 Changeur de grossissement en 5 \u00e9tapes, plage : 1,4X &#8212; 22,8X<\/p>\n<p class=\"p2\">STRUCTURE DU PENDULE FORA<\/p>\n<p class=\"p2\">\u2022 Avec la nouvelle structure pendulaire FORA, on se d\u00e9barrasse du fonctionnement fastidieux<\/p>\n<p class=\"p2\">de la bague tournante traditionnelle<\/p>\n<p class=\"p2\">\u2022 fait pivoter facilement la t\u00eate du microscope d&#8217;une seule main avec une douceur soyeuse,<\/p>\n<p class=\"p2\">\u2022 int\u00e8gre une rallonge binoculaire \u00e0 90 degr\u00e9s, a\u2000n que le m\u00e9decin puisse maintenir<\/p>\n<p class=\"p2\">les vert\u00e8bres cervicales verticales et \u00e9viter les probl\u00e8mes cervicaux.<\/p>\n<p class=\"p2\">Avantage du produit :<\/p>\n<p class=\"p2\">\u2022 Visualisation am\u00e9lior\u00e9e : notre microscope fournit une vue claire et d\u00e9taill\u00e9e du syst\u00e8me<\/p>\n<p class=\"p2\">canalaire, permettant des diagnostics plus pr\u00e9cis et de meilleurs r\u00e9sultats de traitement.<\/p>\n<p class=\"p2\">\u2022 Contr\u00f4les de pr\u00e9cision : les contr\u00f4les avanc\u00e9s du microscope permettent une manipulation<\/p>\n<p class=\"p3\">pr\u00e9cise des instruments et des mat\u00e9riaux, conduisant \u00e0 des proc\u00e9dures plus e\u2000caces et e\u2000cientes.<\/p>\n<p class=\"p2\">\u2022 Soins am\u00e9lior\u00e9s aux patients : en utilisant notre microscope canalaire, vous pouvez fournir<\/p>\n<p class=\"p2\">\u00e0 vos patients le plus haut niveau de soins et leur donner la tranquillit\u00e9 d&#8217;esprit en sachant<\/p>\n<p class=\"p2\">que leur traitement est e\u2000ectu\u00e9 avec la derni\u00e8re technologie<\/p>\n<p><img loading=\"lazy\" decoding=\"async\" class=\"alignnone  wp-image-11253\" src=\"http:\/\/medicodentaire.ma\/wp-content\/uploads\/2025\/02\/Capture-decran-2025-02-06-a-16.10.26-211x300.png\" alt=\"\" width=\"640\" height=\"910\" srcset=\"http:\/\/medicodentaire.ma\/wp-content\/uploads\/2025\/02\/Capture-decran-2025-02-06-a-16.10.26-211x300.png 211w, http:\/\/medicodentaire.ma\/wp-content\/uploads\/2025\/02\/Capture-decran-2025-02-06-a-16.10.26-600x852.png 600w, http:\/\/medicodentaire.ma\/wp-content\/uploads\/2025\/02\/Capture-decran-2025-02-06-a-16.10.26-721x1024.png 721w, http:\/\/medicodentaire.ma\/wp-content\/uploads\/2025\/02\/Capture-decran-2025-02-06-a-16.10.26-1082x1536.png 1082w\" sizes=\"auto, (max-width: 640px) 100vw, 640px\" \/><\/p>\n<p class=\"p1\">Cat\u00e9gorie : APPAREILS ENDO<\/p>\n<p class=\"p1\">Visualisez le syst\u00e8me canalaire gr\u00e2ce \u00e0 un objectif \u00e0 zoom \u00e9lev\u00e9 de 22,8 x, ce qui permet aux dentistes de gagner du temps pour diagnostiquer avec pr\u00e9cision et traiter efficacement un large \u00e9ventail de probl\u00e8mes dentaires !<\/p>\n<p><iframe loading=\"lazy\" title=\"\ud835\udc12\ud835\udc2e\ud835\udc2b\ud835\udc20\ud835\udc22\ud835\udc1c\ud835\udc1a\ud835\udc25 \ud835\udc0c\ud835\udc22\ud835\udc1c\ud835\udc2b\ud835\udc28-\ud835\udc12\ud835\udc1c\ud835\udc28\ud835\udc29\ud835\udc1e: \ud835\udc45\ud835\udc40-2000 \ud835\udc43\ud835\udc3f\ud835\udc48\ud835\udc46 Tutorial\" width=\"1170\" height=\"658\" src=\"https:\/\/www.youtube.com\/embed\/vB3nZsHKIy0?feature=oembed\" frameborder=\"0\" allow=\"accelerometer; autoplay; clipboard-write; encrypted-media; gyroscope; picture-in-picture; web-share\" referrerpolicy=\"strict-origin-when-cross-origin\" allowfullscreen><\/iframe><\/p>\n","protected":false},"excerpt":{"rendered":"<p>D\u00e9tails du produit: featured functions :\u00a0 *Grossissement en 5 \u00e9tapes \u2022 Technologie de lentille import\u00e9e, excellente qualit\u00e9 optique \u2022 Distance de travail de 198 \u00e0 455 mm \u2022 Changeur de<\/p>\n","protected":false},"featured_media":11255,"comment_status":"open","ping_status":"closed","template":"","meta":{"_acf_changed":false,"_monsterinsights_skip_tracking":false,"_monsterinsights_sitenote_active":false,"_monsterinsights_sitenote_note":"","_monsterinsights_sitenote_category":0},"product_brand":[],"product_cat":[240],"product_tag":[],"class_list":{"0":"post-11274","1":"product","2":"type-product","3":"status-publish","4":"has-post-thumbnail","6":"product_cat-equipement","8":"first","9":"instock","10":"shipping-taxable","11":"purchasable","12":"product-type-simple"},"acf":[],"featured_image_urls_v2":{"full":["http:\/\/medicodentaire.ma\/wp-content\/uploads\/2025\/02\/Capture-decran-2025-02-06-a-16.13.16.png",630,576,false],"thumbnail":["http:\/\/medicodentaire.ma\/wp-content\/uploads\/2025\/02\/Capture-decran-2025-02-06-a-16.13.16-150x150.png",150,150,true],"medium":["http:\/\/medicodentaire.ma\/wp-content\/uploads\/2025\/02\/Capture-decran-2025-02-06-a-16.13.16-300x274.png",300,274,true],"medium_large":["http:\/\/medicodentaire.ma\/wp-content\/uploads\/2025\/02\/Capture-decran-2025-02-06-a-16.13.16.png",630,576,false],"large":["http:\/\/medicodentaire.ma\/wp-content\/uploads\/2025\/02\/Capture-decran-2025-02-06-a-16.13.16.png",630,576,false],"1536x1536":["http:\/\/medicodentaire.ma\/wp-content\/uploads\/2025\/02\/Capture-decran-2025-02-06-a-16.13.16.png",630,576,false],"2048x2048":["http:\/\/medicodentaire.ma\/wp-content\/uploads\/2025\/02\/Capture-decran-2025-02-06-a-16.13.16.png",630,576,false],"yith-woocompare-image":["http:\/\/medicodentaire.ma\/wp-content\/uploads\/2025\/02\/Capture-decran-2025-02-06-a-16.13.16-220x154.png",220,154,true],"woocommerce_thumbnail":["http:\/\/medicodentaire.ma\/wp-content\/uploads\/2025\/02\/Capture-decran-2025-02-06-a-16.13.16-300x300.png",300,300,true],"woocommerce_single":["http:\/\/medicodentaire.ma\/wp-content\/uploads\/2025\/02\/Capture-decran-2025-02-06-a-16.13.16-600x549.png",600,549,true],"woocommerce_gallery_thumbnail":["http:\/\/medicodentaire.ma\/wp-content\/uploads\/2025\/02\/Capture-decran-2025-02-06-a-16.13.16-100x100.png",100,100,true]},"post_excerpt_stackable_v2":"<p>D\u00e9tails du produit: featured functions :\u00a0 *Grossissement en 5 \u00e9tapes \u2022 Technologie de lentille import\u00e9e, excellente qualit\u00e9 optique \u2022 Distance de travail de 198 \u00e0 455 mm \u2022 Changeur de grossissement en 5 \u00e9tapes, plage : 1,4X &#8212; 22,8X STRUCTURE DU PENDULE FORA \u2022 Avec la nouvelle structure pendulaire FORA, on se d\u00e9barrasse du fonctionnement fastidieux de la bague tournante traditionnelle \u2022 fait pivoter facilement la t\u00eate du microscope d&#8217;une seule main avec une douceur soyeuse, \u2022 int\u00e8gre une rallonge binoculaire \u00e0 90 degr\u00e9s, a\u2000n que le m\u00e9decin puisse maintenir les vert\u00e8bres cervicales verticales et \u00e9viter les probl\u00e8mes cervicaux. Avantage\u2026<\/p>\n","category_list_v2":"","author_info_v2":{"name":"","url":""},"comments_num_v2":"0 commentaire","_links":{"self":[{"href":"http:\/\/medicodentaire.ma\/index.php\/wp-json\/wp\/v2\/product\/11274","targetHints":{"allow":["GET"]}}],"collection":[{"href":"http:\/\/medicodentaire.ma\/index.php\/wp-json\/wp\/v2\/product"}],"about":[{"href":"http:\/\/medicodentaire.ma\/index.php\/wp-json\/wp\/v2\/types\/product"}],"replies":[{"embeddable":true,"href":"http:\/\/medicodentaire.ma\/index.php\/wp-json\/wp\/v2\/comments?post=11274"}],"wp:featuredmedia":[{"embeddable":true,"href":"http:\/\/medicodentaire.ma\/index.php\/wp-json\/wp\/v2\/media\/11255"}],"wp:attachment":[{"href":"http:\/\/medicodentaire.ma\/index.php\/wp-json\/wp\/v2\/media?parent=11274"}],"wp:term":[{"taxonomy":"product_brand","embeddable":true,"href":"http:\/\/medicodentaire.ma\/index.php\/wp-json\/wp\/v2\/product_brand?post=11274"},{"taxonomy":"product_cat","embeddable":true,"href":"http:\/\/medicodentaire.ma\/index.php\/wp-json\/wp\/v2\/product_cat?post=11274"},{"taxonomy":"product_tag","embeddable":true,"href":"http:\/\/medicodentaire.ma\/index.php\/wp-json\/wp\/v2\/product_tag?post=11274"}],"curies":[{"name":"wp","href":"https:\/\/api.w.org\/{rel}","templated":true}]}}