{"id":11210,"date":"2025-02-04T16:08:10","date_gmt":"2025-02-04T15:08:10","guid":{"rendered":"http:\/\/medicodentaire.ma\/?post_type=product&#038;p=11210"},"modified":"2025-02-04T16:08:10","modified_gmt":"2025-02-04T15:08:10","slug":"coupe-gutta-percha","status":"publish","type":"product","link":"http:\/\/medicodentaire.ma\/index.php\/produit\/coupe-gutta-percha\/","title":{"rendered":"COUPE GUTTA PERCHA"},"content":{"rendered":"<p class=\"p1\">Cat\u00e9gorie : APPAREILS ENDO\u00c9tiquettes :<\/p>\n<p class=\"p1\">instruments endodontiques, sans fil<\/p>\n<p class=\"p1\">Utilisant la technologie de chargement sans fil,<\/p>\n<p class=\"p1\">un design exquis et ergonomique, une belle forme.<\/p>\n<p class=\"p1\">Batterie 1,2 V 2400 mAh<\/p>\n<p class=\"p1\">Puissance 2,5 watts<\/p>\n<p class=\"p1\">Couleur blanche<\/p>\n<p class=\"p1\">D\u00e9tails du produit:<\/p>\n<p class=\"p1\">\u2022 Chau\u2000age rapide, temp\u00e9rature maximale jusqu&#8217;\u00e0 260 .<\/p>\n<p class=\"p1\">\u2022 Les pointes des couteaux peuvent \u00eatre st\u00e9rilis\u00e9es et r\u00e9utilis\u00e9es.<\/p>\n<p class=\"p1\">\u2022 Puissance 2,5 watts, batterie 1,2 V 2400 mAh.<\/p>\n<p class=\"p1\">\u2022 Chargement sans fil.<\/p>\n<p><iframe loading=\"lazy\" title=\"Gutta Cutter pour gutta-percha EasyCut - 3 TECH\" width=\"1170\" height=\"658\" src=\"https:\/\/www.youtube.com\/embed\/gBSTmQ-5vGM?feature=oembed\" frameborder=\"0\" allow=\"accelerometer; autoplay; clipboard-write; encrypted-media; gyroscope; picture-in-picture; web-share\" referrerpolicy=\"strict-origin-when-cross-origin\" allowfullscreen><\/iframe><\/p>\n","protected":false},"excerpt":{"rendered":"<p>Cat\u00e9gorie : APPAREILS ENDO\u00c9tiquettes : instruments endodontiques, sans fil Utilisant la technologie de chargement sans fil, un design exquis et ergonomique, une belle forme. Batterie 1,2 V 2400 mAh Puissance<\/p>\n","protected":false},"featured_media":11211,"comment_status":"open","ping_status":"closed","template":"","meta":{"_acf_changed":false,"_monsterinsights_skip_tracking":false,"_monsterinsights_sitenote_active":false,"_monsterinsights_sitenote_note":"","_monsterinsights_sitenote_category":0},"product_brand":[],"product_cat":[240],"product_tag":[],"class_list":{"0":"post-11210","1":"product","2":"type-product","3":"status-publish","4":"has-post-thumbnail","6":"product_cat-equipement","8":"first","9":"instock","10":"shipping-taxable","11":"purchasable","12":"product-type-simple"},"acf":[],"featured_image_urls_v2":{"full":["http:\/\/medicodentaire.ma\/wp-content\/uploads\/2025\/02\/coupe-gutta.jpg",400,400,false],"thumbnail":["http:\/\/medicodentaire.ma\/wp-content\/uploads\/2025\/02\/coupe-gutta-150x150.jpg",150,150,true],"medium":["http:\/\/medicodentaire.ma\/wp-content\/uploads\/2025\/02\/coupe-gutta-300x300.jpg",300,300,true],"medium_large":["http:\/\/medicodentaire.ma\/wp-content\/uploads\/2025\/02\/coupe-gutta.jpg",400,400,false],"large":["http:\/\/medicodentaire.ma\/wp-content\/uploads\/2025\/02\/coupe-gutta.jpg",400,400,false],"1536x1536":["http:\/\/medicodentaire.ma\/wp-content\/uploads\/2025\/02\/coupe-gutta.jpg",400,400,false],"2048x2048":["http:\/\/medicodentaire.ma\/wp-content\/uploads\/2025\/02\/coupe-gutta.jpg",400,400,false],"yith-woocompare-image":["http:\/\/medicodentaire.ma\/wp-content\/uploads\/2025\/02\/coupe-gutta-220x154.jpg",220,154,true],"woocommerce_thumbnail":["http:\/\/medicodentaire.ma\/wp-content\/uploads\/2025\/02\/coupe-gutta-300x300.jpg",300,300,true],"woocommerce_single":["http:\/\/medicodentaire.ma\/wp-content\/uploads\/2025\/02\/coupe-gutta.jpg",400,400,false],"woocommerce_gallery_thumbnail":["http:\/\/medicodentaire.ma\/wp-content\/uploads\/2025\/02\/coupe-gutta-100x100.jpg",100,100,true]},"post_excerpt_stackable_v2":"<p>Cat\u00e9gorie : APPAREILS ENDO\u00c9tiquettes : instruments endodontiques, sans fil Utilisant la technologie de chargement sans fil, un design exquis et ergonomique, une belle forme. Batterie 1,2 V 2400 mAh Puissance 2,5 watts Couleur blanche D\u00e9tails du produit: \u2022 Chau\u2000age rapide, temp\u00e9rature maximale jusqu&#8217;\u00e0 260 . \u2022 Les pointes des couteaux peuvent \u00eatre st\u00e9rilis\u00e9es et r\u00e9utilis\u00e9es. \u2022 Puissance 2,5 watts, batterie 1,2 V 2400 mAh. \u2022 Chargement sans fil.<\/p>\n","category_list_v2":"","author_info_v2":{"name":"","url":""},"comments_num_v2":"0 commentaire","_links":{"self":[{"href":"http:\/\/medicodentaire.ma\/index.php\/wp-json\/wp\/v2\/product\/11210","targetHints":{"allow":["GET"]}}],"collection":[{"href":"http:\/\/medicodentaire.ma\/index.php\/wp-json\/wp\/v2\/product"}],"about":[{"href":"http:\/\/medicodentaire.ma\/index.php\/wp-json\/wp\/v2\/types\/product"}],"replies":[{"embeddable":true,"href":"http:\/\/medicodentaire.ma\/index.php\/wp-json\/wp\/v2\/comments?post=11210"}],"wp:featuredmedia":[{"embeddable":true,"href":"http:\/\/medicodentaire.ma\/index.php\/wp-json\/wp\/v2\/media\/11211"}],"wp:attachment":[{"href":"http:\/\/medicodentaire.ma\/index.php\/wp-json\/wp\/v2\/media?parent=11210"}],"wp:term":[{"taxonomy":"product_brand","embeddable":true,"href":"http:\/\/medicodentaire.ma\/index.php\/wp-json\/wp\/v2\/product_brand?post=11210"},{"taxonomy":"product_cat","embeddable":true,"href":"http:\/\/medicodentaire.ma\/index.php\/wp-json\/wp\/v2\/product_cat?post=11210"},{"taxonomy":"product_tag","embeddable":true,"href":"http:\/\/medicodentaire.ma\/index.php\/wp-json\/wp\/v2\/product_tag?post=11210"}],"curies":[{"name":"wp","href":"https:\/\/api.w.org\/{rel}","templated":true}]}}