{"id":11207,"date":"2025-02-04T16:03:56","date_gmt":"2025-02-04T15:03:56","guid":{"rendered":"http:\/\/medicodentaire.ma\/?post_type=product&#038;p=11207"},"modified":"2025-02-04T16:03:56","modified_gmt":"2025-02-04T15:03:56","slug":"e-lite-pad","status":"publish","type":"product","link":"http:\/\/medicodentaire.ma\/index.php\/produit\/e-lite-pad\/","title":{"rendered":"E-LITE PAD"},"content":{"rendered":"<p class=\"p1\">(moteur Endo \u00e0 \u00e9cran tactile avec localisateur d&#8217;apex int\u00e9gr\u00e9)<\/p>\n<p class=\"p1\">. Interface soign\u00e9e \u00e0 \u00e9cran tactile de 4,25 pouces, facilement utilisable comme votre t\u00e9l\u00e9phone intelligent.<\/p>\n<p class=\"p1\">. La puce assure une sortie stable du couple et de la vitesse, et la pr\u00e9cision de la mesure de l&#8217;apex est \u00e9lev\u00e9e.<\/p>\n<p class=\"p1\">. La structure int\u00e9gr\u00e9e garantit un fonctionnement stable et silencieux des limes rotatives.<\/p>\n<p class=\"p1\">. Couple : 0,6-4,6 N.cm . *Vitesse : 150-1000 tr\/min.<\/p>\n<p class=\"p1\">. 9 programmes de \u2000chiers + syst\u00e8me de \u2000chiers int\u00e9gr\u00e9, grande capacit\u00e9, s\u00e9lectionnez les chiers\u00a0 programm\u00e9s comme vous le souhaitez.<\/p>\n<p><iframe loading=\"lazy\" title=\"Rogin E-lite Pad Touch Screen Endo Motor with Built-in Apex Locator\" width=\"1170\" height=\"658\" src=\"https:\/\/www.youtube.com\/embed\/FkhfCg5klP0?feature=oembed\" frameborder=\"0\" allow=\"accelerometer; autoplay; clipboard-write; encrypted-media; gyroscope; picture-in-picture; web-share\" referrerpolicy=\"strict-origin-when-cross-origin\" allowfullscreen><\/iframe><\/p>\n","protected":false},"excerpt":{"rendered":"<p>(moteur Endo \u00e0 \u00e9cran tactile avec localisateur d&#8217;apex int\u00e9gr\u00e9) . Interface soign\u00e9e \u00e0 \u00e9cran tactile de 4,25 pouces, facilement utilisable comme votre t\u00e9l\u00e9phone intelligent. . La puce assure une sortie<\/p>\n","protected":false},"featured_media":11208,"comment_status":"open","ping_status":"closed","template":"","meta":{"_acf_changed":false,"_monsterinsights_skip_tracking":false,"_monsterinsights_sitenote_active":false,"_monsterinsights_sitenote_note":"","_monsterinsights_sitenote_category":0},"product_brand":[],"product_cat":[240],"product_tag":[],"class_list":{"0":"post-11207","1":"product","2":"type-product","3":"status-publish","4":"has-post-thumbnail","6":"product_cat-equipement","8":"first","9":"instock","10":"shipping-taxable","11":"purchasable","12":"product-type-simple"},"acf":[],"featured_image_urls_v2":{"full":["http:\/\/medicodentaire.ma\/wp-content\/uploads\/2025\/02\/0001629_endo-motore-lite-pad_2.png",1485,1980,false],"thumbnail":["http:\/\/medicodentaire.ma\/wp-content\/uploads\/2025\/02\/0001629_endo-motore-lite-pad_2-150x150.png",150,150,true],"medium":["http:\/\/medicodentaire.ma\/wp-content\/uploads\/2025\/02\/0001629_endo-motore-lite-pad_2-225x300.png",225,300,true],"medium_large":["http:\/\/medicodentaire.ma\/wp-content\/uploads\/2025\/02\/0001629_endo-motore-lite-pad_2-768x1024.png",768,1024,true],"large":["http:\/\/medicodentaire.ma\/wp-content\/uploads\/2025\/02\/0001629_endo-motore-lite-pad_2-768x1024.png",768,1024,true],"1536x1536":["http:\/\/medicodentaire.ma\/wp-content\/uploads\/2025\/02\/0001629_endo-motore-lite-pad_2-1152x1536.png",1152,1536,true],"2048x2048":["http:\/\/medicodentaire.ma\/wp-content\/uploads\/2025\/02\/0001629_endo-motore-lite-pad_2.png",1485,1980,false],"yith-woocompare-image":["http:\/\/medicodentaire.ma\/wp-content\/uploads\/2025\/02\/0001629_endo-motore-lite-pad_2-220x154.png",220,154,true],"woocommerce_thumbnail":["http:\/\/medicodentaire.ma\/wp-content\/uploads\/2025\/02\/0001629_endo-motore-lite-pad_2-300x300.png",300,300,true],"woocommerce_single":["http:\/\/medicodentaire.ma\/wp-content\/uploads\/2025\/02\/0001629_endo-motore-lite-pad_2-600x800.png",600,800,true],"woocommerce_gallery_thumbnail":["http:\/\/medicodentaire.ma\/wp-content\/uploads\/2025\/02\/0001629_endo-motore-lite-pad_2-100x100.png",100,100,true]},"post_excerpt_stackable_v2":"<p>(moteur Endo \u00e0 \u00e9cran tactile avec localisateur d&#8217;apex int\u00e9gr\u00e9) . Interface soign\u00e9e \u00e0 \u00e9cran tactile de 4,25 pouces, facilement utilisable comme votre t\u00e9l\u00e9phone intelligent. . La puce assure une sortie stable du couple et de la vitesse, et la pr\u00e9cision de la mesure de l&#8217;apex est \u00e9lev\u00e9e. . La structure int\u00e9gr\u00e9e garantit un fonctionnement stable et silencieux des limes rotatives. . Couple : 0,6-4,6 N.cm . *Vitesse : 150-1000 tr\/min. . 9 programmes de \u2000chiers + syst\u00e8me de \u2000chiers int\u00e9gr\u00e9, grande capacit\u00e9, s\u00e9lectionnez les chiers\u00a0 programm\u00e9s comme vous le souhaitez.<\/p>\n","category_list_v2":"","author_info_v2":{"name":"","url":""},"comments_num_v2":"0 commentaire","_links":{"self":[{"href":"http:\/\/medicodentaire.ma\/index.php\/wp-json\/wp\/v2\/product\/11207","targetHints":{"allow":["GET"]}}],"collection":[{"href":"http:\/\/medicodentaire.ma\/index.php\/wp-json\/wp\/v2\/product"}],"about":[{"href":"http:\/\/medicodentaire.ma\/index.php\/wp-json\/wp\/v2\/types\/product"}],"replies":[{"embeddable":true,"href":"http:\/\/medicodentaire.ma\/index.php\/wp-json\/wp\/v2\/comments?post=11207"}],"wp:featuredmedia":[{"embeddable":true,"href":"http:\/\/medicodentaire.ma\/index.php\/wp-json\/wp\/v2\/media\/11208"}],"wp:attachment":[{"href":"http:\/\/medicodentaire.ma\/index.php\/wp-json\/wp\/v2\/media?parent=11207"}],"wp:term":[{"taxonomy":"product_brand","embeddable":true,"href":"http:\/\/medicodentaire.ma\/index.php\/wp-json\/wp\/v2\/product_brand?post=11207"},{"taxonomy":"product_cat","embeddable":true,"href":"http:\/\/medicodentaire.ma\/index.php\/wp-json\/wp\/v2\/product_cat?post=11207"},{"taxonomy":"product_tag","embeddable":true,"href":"http:\/\/medicodentaire.ma\/index.php\/wp-json\/wp\/v2\/product_tag?post=11207"}],"curies":[{"name":"wp","href":"https:\/\/api.w.org\/{rel}","templated":true}]}}