{"id":11108,"date":"2025-01-31T15:43:53","date_gmt":"2025-01-31T14:43:53","guid":{"rendered":"http:\/\/medicodentaire.ma\/?post_type=product&#038;p=11108"},"modified":"2025-01-31T15:43:53","modified_gmt":"2025-01-31T14:43:53","slug":"polisseur-silicone-pour-ceramique","status":"publish","type":"product","link":"http:\/\/medicodentaire.ma\/index.php\/produit\/polisseur-silicone-pour-ceramique\/","title":{"rendered":"POLISSEUR SILICONE pour c\u00e9ramique"},"content":{"rendered":"<p class=\"p1\">\u2022 Fabriqu\u00e9 en caoutchouc silicone de qualit\u00e9 alimentaire de haute qualit\u00e9 m\u00e9lang\u00e9 \u00e0 un abrasif normal.<\/p>\n<p class=\"p1\">\u2022 Sp\u00e9cial pour le lissage et le polissage initial des dents en porcelaine, en c\u00e9ramique ou en r\u00e9sine<\/p>\n","protected":false},"excerpt":{"rendered":"<p>\u2022 Fabriqu\u00e9 en caoutchouc silicone de qualit\u00e9 alimentaire de haute qualit\u00e9 m\u00e9lang\u00e9 \u00e0 un abrasif normal. \u2022 Sp\u00e9cial pour le lissage et le polissage initial des dents en porcelaine, en<\/p>\n","protected":false},"featured_media":11109,"comment_status":"open","ping_status":"closed","template":"","meta":{"_acf_changed":false,"_monsterinsights_skip_tracking":false,"_monsterinsights_sitenote_active":false,"_monsterinsights_sitenote_note":"","_monsterinsights_sitenote_category":0},"product_brand":[],"product_cat":[232],"product_tag":[],"class_list":{"0":"post-11108","1":"product","2":"type-product","3":"status-publish","4":"has-post-thumbnail","6":"product_cat-endodontie","8":"first","9":"instock","10":"shipping-taxable","11":"purchasable","12":"product-type-simple"},"acf":[],"featured_image_urls_v2":{"full":["http:\/\/medicodentaire.ma\/wp-content\/uploads\/2025\/01\/Capture-decran-2025-01-31-a-15.40.39.png",1236,408,false],"thumbnail":["http:\/\/medicodentaire.ma\/wp-content\/uploads\/2025\/01\/Capture-decran-2025-01-31-a-15.40.39-150x150.png",150,150,true],"medium":["http:\/\/medicodentaire.ma\/wp-content\/uploads\/2025\/01\/Capture-decran-2025-01-31-a-15.40.39-300x99.png",300,99,true],"medium_large":["http:\/\/medicodentaire.ma\/wp-content\/uploads\/2025\/01\/Capture-decran-2025-01-31-a-15.40.39-768x254.png",768,254,true],"large":["http:\/\/medicodentaire.ma\/wp-content\/uploads\/2025\/01\/Capture-decran-2025-01-31-a-15.40.39-1024x338.png",1024,338,true],"1536x1536":["http:\/\/medicodentaire.ma\/wp-content\/uploads\/2025\/01\/Capture-decran-2025-01-31-a-15.40.39.png",1236,408,false],"2048x2048":["http:\/\/medicodentaire.ma\/wp-content\/uploads\/2025\/01\/Capture-decran-2025-01-31-a-15.40.39.png",1236,408,false],"yith-woocompare-image":["http:\/\/medicodentaire.ma\/wp-content\/uploads\/2025\/01\/Capture-decran-2025-01-31-a-15.40.39-220x154.png",220,154,true],"woocommerce_thumbnail":["http:\/\/medicodentaire.ma\/wp-content\/uploads\/2025\/01\/Capture-decran-2025-01-31-a-15.40.39-300x300.png",300,300,true],"woocommerce_single":["http:\/\/medicodentaire.ma\/wp-content\/uploads\/2025\/01\/Capture-decran-2025-01-31-a-15.40.39-600x198.png",600,198,true],"woocommerce_gallery_thumbnail":["http:\/\/medicodentaire.ma\/wp-content\/uploads\/2025\/01\/Capture-decran-2025-01-31-a-15.40.39-100x100.png",100,100,true]},"post_excerpt_stackable_v2":"<p>\u2022 Fabriqu\u00e9 en caoutchouc silicone de qualit\u00e9 alimentaire de haute qualit\u00e9 m\u00e9lang\u00e9 \u00e0 un abrasif normal. \u2022 Sp\u00e9cial pour le lissage et le polissage initial des dents en porcelaine, en c\u00e9ramique ou en r\u00e9sine<\/p>\n","category_list_v2":"","author_info_v2":{"name":"","url":""},"comments_num_v2":"0 commentaire","_links":{"self":[{"href":"http:\/\/medicodentaire.ma\/index.php\/wp-json\/wp\/v2\/product\/11108","targetHints":{"allow":["GET"]}}],"collection":[{"href":"http:\/\/medicodentaire.ma\/index.php\/wp-json\/wp\/v2\/product"}],"about":[{"href":"http:\/\/medicodentaire.ma\/index.php\/wp-json\/wp\/v2\/types\/product"}],"replies":[{"embeddable":true,"href":"http:\/\/medicodentaire.ma\/index.php\/wp-json\/wp\/v2\/comments?post=11108"}],"wp:featuredmedia":[{"embeddable":true,"href":"http:\/\/medicodentaire.ma\/index.php\/wp-json\/wp\/v2\/media\/11109"}],"wp:attachment":[{"href":"http:\/\/medicodentaire.ma\/index.php\/wp-json\/wp\/v2\/media?parent=11108"}],"wp:term":[{"taxonomy":"product_brand","embeddable":true,"href":"http:\/\/medicodentaire.ma\/index.php\/wp-json\/wp\/v2\/product_brand?post=11108"},{"taxonomy":"product_cat","embeddable":true,"href":"http:\/\/medicodentaire.ma\/index.php\/wp-json\/wp\/v2\/product_cat?post=11108"},{"taxonomy":"product_tag","embeddable":true,"href":"http:\/\/medicodentaire.ma\/index.php\/wp-json\/wp\/v2\/product_tag?post=11108"}],"curies":[{"name":"wp","href":"https:\/\/api.w.org\/{rel}","templated":true}]}}