{"id":11101,"date":"2025-01-31T15:15:42","date_gmt":"2025-01-31T14:15:42","guid":{"rendered":"http:\/\/medicodentaire.ma\/?post_type=product&#038;p=11101"},"modified":"2025-01-31T15:15:42","modified_gmt":"2025-01-31T14:15:42","slug":"silicone-composite-polisher","status":"publish","type":"product","link":"http:\/\/medicodentaire.ma\/index.php\/produit\/silicone-composite-polisher\/","title":{"rendered":"SILICONE COMPOSITE POLISHER"},"content":{"rendered":"<p class=\"p1\">Cat\u00e9gorie : Matrices &amp; Polissage<\/p>\n<p class=\"p1\">Fabriqu\u00e9 en silicone m\u00e9lang\u00e9 \u00e0 de la poudre de diamant,<\/p>\n<p class=\"p1\">sp\u00e9cialement utilis\u00e9 pour le polissage et la \u2000nition<\/p>\n<p class=\"p1\">de la r\u00e9sine composite, de la zircone et<\/p>\n<p class=\"p1\">de la vitroc\u00e9ramique.<\/p>\n<p class=\"p1\">Marque Rogin<\/p>\n<p class=\"p1\">Mod\u00e8le SDT-14C, SDT-14M, SDT-14F<\/p>\n<p class=\"p1\">Taille Grossier|Moyen|Fin<\/p>\n<p class=\"p1\">D\u00e9tails du produit:<\/p>\n<p class=\"p1\">\u2022 Fabriqu\u00e9 en silicone m\u00e9lang\u00e9 \u00e0 de la poudre de diamant.<\/p>\n<p class=\"p1\">\u2022 Sp\u00e9cial utilis\u00e9 pour le polissage et la \u2000nition des r\u00e9sines<\/p>\n<p class=\"p1\">composites, de la zircone et de la vitroc\u00e9ramique.<\/p>\n","protected":false},"excerpt":{"rendered":"<p>Cat\u00e9gorie : Matrices &amp; Polissage Fabriqu\u00e9 en silicone m\u00e9lang\u00e9 \u00e0 de la poudre de diamant, sp\u00e9cialement utilis\u00e9 pour le polissage et la \u2000nition de la r\u00e9sine composite, de la zircone<\/p>\n","protected":false},"featured_media":11102,"comment_status":"open","ping_status":"closed","template":"","meta":{"_acf_changed":false,"_monsterinsights_skip_tracking":false,"_monsterinsights_sitenote_active":false,"_monsterinsights_sitenote_note":"","_monsterinsights_sitenote_category":0},"product_brand":[],"product_cat":[232],"product_tag":[],"class_list":{"0":"post-11101","1":"product","2":"type-product","3":"status-publish","4":"has-post-thumbnail","6":"product_cat-endodontie","8":"first","9":"instock","10":"shipping-taxable","11":"purchasable","12":"product-type-simple"},"acf":[],"featured_image_urls_v2":{"full":["http:\/\/medicodentaire.ma\/wp-content\/uploads\/2025\/01\/Capture-decran-2025-01-31-a-15.15.10.png",648,610,false],"thumbnail":["http:\/\/medicodentaire.ma\/wp-content\/uploads\/2025\/01\/Capture-decran-2025-01-31-a-15.15.10-150x150.png",150,150,true],"medium":["http:\/\/medicodentaire.ma\/wp-content\/uploads\/2025\/01\/Capture-decran-2025-01-31-a-15.15.10-300x282.png",300,282,true],"medium_large":["http:\/\/medicodentaire.ma\/wp-content\/uploads\/2025\/01\/Capture-decran-2025-01-31-a-15.15.10.png",648,610,false],"large":["http:\/\/medicodentaire.ma\/wp-content\/uploads\/2025\/01\/Capture-decran-2025-01-31-a-15.15.10.png",648,610,false],"1536x1536":["http:\/\/medicodentaire.ma\/wp-content\/uploads\/2025\/01\/Capture-decran-2025-01-31-a-15.15.10.png",648,610,false],"2048x2048":["http:\/\/medicodentaire.ma\/wp-content\/uploads\/2025\/01\/Capture-decran-2025-01-31-a-15.15.10.png",648,610,false],"yith-woocompare-image":["http:\/\/medicodentaire.ma\/wp-content\/uploads\/2025\/01\/Capture-decran-2025-01-31-a-15.15.10-220x154.png",220,154,true],"woocommerce_thumbnail":["http:\/\/medicodentaire.ma\/wp-content\/uploads\/2025\/01\/Capture-decran-2025-01-31-a-15.15.10-300x300.png",300,300,true],"woocommerce_single":["http:\/\/medicodentaire.ma\/wp-content\/uploads\/2025\/01\/Capture-decran-2025-01-31-a-15.15.10-600x565.png",600,565,true],"woocommerce_gallery_thumbnail":["http:\/\/medicodentaire.ma\/wp-content\/uploads\/2025\/01\/Capture-decran-2025-01-31-a-15.15.10-100x100.png",100,100,true]},"post_excerpt_stackable_v2":"<p>Cat\u00e9gorie : Matrices &amp; Polissage Fabriqu\u00e9 en silicone m\u00e9lang\u00e9 \u00e0 de la poudre de diamant, sp\u00e9cialement utilis\u00e9 pour le polissage et la \u2000nition de la r\u00e9sine composite, de la zircone et de la vitroc\u00e9ramique. Marque Rogin Mod\u00e8le SDT-14C, SDT-14M, SDT-14F Taille Grossier|Moyen|Fin D\u00e9tails du produit: \u2022 Fabriqu\u00e9 en silicone m\u00e9lang\u00e9 \u00e0 de la poudre de diamant. \u2022 Sp\u00e9cial utilis\u00e9 pour le polissage et la \u2000nition des r\u00e9sines composites, de la zircone et de la vitroc\u00e9ramique.<\/p>\n","category_list_v2":"","author_info_v2":{"name":"","url":""},"comments_num_v2":"0 commentaire","_links":{"self":[{"href":"http:\/\/medicodentaire.ma\/index.php\/wp-json\/wp\/v2\/product\/11101","targetHints":{"allow":["GET"]}}],"collection":[{"href":"http:\/\/medicodentaire.ma\/index.php\/wp-json\/wp\/v2\/product"}],"about":[{"href":"http:\/\/medicodentaire.ma\/index.php\/wp-json\/wp\/v2\/types\/product"}],"replies":[{"embeddable":true,"href":"http:\/\/medicodentaire.ma\/index.php\/wp-json\/wp\/v2\/comments?post=11101"}],"wp:featuredmedia":[{"embeddable":true,"href":"http:\/\/medicodentaire.ma\/index.php\/wp-json\/wp\/v2\/media\/11102"}],"wp:attachment":[{"href":"http:\/\/medicodentaire.ma\/index.php\/wp-json\/wp\/v2\/media?parent=11101"}],"wp:term":[{"taxonomy":"product_brand","embeddable":true,"href":"http:\/\/medicodentaire.ma\/index.php\/wp-json\/wp\/v2\/product_brand?post=11101"},{"taxonomy":"product_cat","embeddable":true,"href":"http:\/\/medicodentaire.ma\/index.php\/wp-json\/wp\/v2\/product_cat?post=11101"},{"taxonomy":"product_tag","embeddable":true,"href":"http:\/\/medicodentaire.ma\/index.php\/wp-json\/wp\/v2\/product_tag?post=11101"}],"curies":[{"name":"wp","href":"https:\/\/api.w.org\/{rel}","templated":true}]}}