{"id":10887,"date":"2025-01-27T11:54:39","date_gmt":"2025-01-27T10:54:39","guid":{"rendered":"http:\/\/medicodentaire.ma\/?post_type=product&#038;p=10887"},"modified":"2025-01-27T11:54:39","modified_gmt":"2025-01-27T10:54:39","slug":"recip-one-files-bleu-gris","status":"publish","type":"product","link":"http:\/\/medicodentaire.ma\/index.php\/produit\/recip-one-files-bleu-gris\/","title":{"rendered":"RECIP-ONE FILES BLEU \/ GRIS"},"content":{"rendered":"<p>reciprocating system HA (heat activated),<br \/>\nActivation par la t\u00b0 pour devenir bleu,<br \/>\ntout en assurant la s\u00e9curit\u00e9 et l\u2019efficatit\u00e9.<br \/>\nParticularit\u00e9 d\u2019innovation en rendant l\u2019instrument tr\u00e8s<br \/>\nflexible pour progresser dans le canal avec beaucoup<br \/>\nde s\u00e9curit\u00e9.<br \/>\nSeulement trois tailles pour tous les canaux <\/p>\n<p>RECIP-ONE FILES GRIS<br \/>\nreciprocating system HA (heat activated)<br \/>\nD\u00e9sign\u00e9 pour les canaux n\u00e9cessitant ce syst\u00e8me :<br \/>\ncouleur grise.La section est en S pour une meilleure<br \/>\nflexibilit\u00e9<br \/>\n3 tailles pour des canaux de tailles differentes<br \/>\n-RECIP-ONE FILE BLUE : 25 21\/25\/31 8 0.25<br \/>\n-RECIP-ONE FILE GRIS : 30 21\/25\/31 6 0.30<br \/>\n-RECIP-ONE FILE GRIS : 35 21\/25\/31 6 0.35<\/p>\n","protected":false},"excerpt":{"rendered":"<p>reciprocating system HA (heat activated), Activation par la t\u00b0 pour devenir bleu, tout en assurant la s\u00e9curit\u00e9 et l\u2019efficatit\u00e9. Particularit\u00e9 d\u2019innovation en rendant l\u2019instrument tr\u00e8s flexible pour progresser dans le<\/p>\n","protected":false},"featured_media":10888,"comment_status":"open","ping_status":"closed","template":"","meta":{"_acf_changed":false,"_monsterinsights_skip_tracking":false,"_monsterinsights_sitenote_active":false,"_monsterinsights_sitenote_note":"","_monsterinsights_sitenote_category":0},"product_brand":[],"product_cat":[233],"product_tag":[],"class_list":{"0":"post-10887","1":"product","2":"type-product","3":"status-publish","4":"has-post-thumbnail","6":"product_cat-fraisese-et-instruments-rotatifs","8":"first","9":"instock","10":"shipping-taxable","11":"purchasable","12":"product-type-simple"},"acf":[],"featured_image_urls_v2":{"full":["http:\/\/medicodentaire.ma\/wp-content\/uploads\/2025\/01\/Capture-decran-2025-01-27-a-11.41.25.png",544,1022,false],"thumbnail":["http:\/\/medicodentaire.ma\/wp-content\/uploads\/2025\/01\/Capture-decran-2025-01-27-a-11.41.25-150x150.png",150,150,true],"medium":["http:\/\/medicodentaire.ma\/wp-content\/uploads\/2025\/01\/Capture-decran-2025-01-27-a-11.41.25-160x300.png",160,300,true],"medium_large":["http:\/\/medicodentaire.ma\/wp-content\/uploads\/2025\/01\/Capture-decran-2025-01-27-a-11.41.25.png",544,1022,false],"large":["http:\/\/medicodentaire.ma\/wp-content\/uploads\/2025\/01\/Capture-decran-2025-01-27-a-11.41.25.png",544,1022,false],"1536x1536":["http:\/\/medicodentaire.ma\/wp-content\/uploads\/2025\/01\/Capture-decran-2025-01-27-a-11.41.25.png",544,1022,false],"2048x2048":["http:\/\/medicodentaire.ma\/wp-content\/uploads\/2025\/01\/Capture-decran-2025-01-27-a-11.41.25.png",544,1022,false],"yith-woocompare-image":["http:\/\/medicodentaire.ma\/wp-content\/uploads\/2025\/01\/Capture-decran-2025-01-27-a-11.41.25-220x154.png",220,154,true],"woocommerce_thumbnail":["http:\/\/medicodentaire.ma\/wp-content\/uploads\/2025\/01\/Capture-decran-2025-01-27-a-11.41.25-300x300.png",300,300,true],"woocommerce_single":["http:\/\/medicodentaire.ma\/wp-content\/uploads\/2025\/01\/Capture-decran-2025-01-27-a-11.41.25.png",544,1022,false],"woocommerce_gallery_thumbnail":["http:\/\/medicodentaire.ma\/wp-content\/uploads\/2025\/01\/Capture-decran-2025-01-27-a-11.41.25-100x100.png",100,100,true]},"post_excerpt_stackable_v2":"<p>reciprocating system HA (heat activated), Activation par la t\u00b0 pour devenir bleu, tout en assurant la s\u00e9curit\u00e9 et l\u2019efficatit\u00e9. Particularit\u00e9 d\u2019innovation en rendant l\u2019instrument tr\u00e8s flexible pour progresser dans le canal avec beaucoup de s\u00e9curit\u00e9. Seulement trois tailles pour tous les canaux RECIP-ONE FILES GRIS reciprocating system HA (heat activated) D\u00e9sign\u00e9 pour les canaux n\u00e9cessitant ce syst\u00e8me : couleur grise.La section est en S pour une meilleure flexibilit\u00e9 3 tailles pour des canaux de tailles differentes -RECIP-ONE FILE BLUE : 25 21\/25\/31 8 0.25 -RECIP-ONE FILE GRIS : 30 21\/25\/31 6 0.30 -RECIP-ONE FILE GRIS : 35 21\/25\/31 6 0.35<\/p>\n","category_list_v2":"","author_info_v2":{"name":"","url":""},"comments_num_v2":"0 commentaire","_links":{"self":[{"href":"http:\/\/medicodentaire.ma\/index.php\/wp-json\/wp\/v2\/product\/10887","targetHints":{"allow":["GET"]}}],"collection":[{"href":"http:\/\/medicodentaire.ma\/index.php\/wp-json\/wp\/v2\/product"}],"about":[{"href":"http:\/\/medicodentaire.ma\/index.php\/wp-json\/wp\/v2\/types\/product"}],"replies":[{"embeddable":true,"href":"http:\/\/medicodentaire.ma\/index.php\/wp-json\/wp\/v2\/comments?post=10887"}],"wp:featuredmedia":[{"embeddable":true,"href":"http:\/\/medicodentaire.ma\/index.php\/wp-json\/wp\/v2\/media\/10888"}],"wp:attachment":[{"href":"http:\/\/medicodentaire.ma\/index.php\/wp-json\/wp\/v2\/media?parent=10887"}],"wp:term":[{"taxonomy":"product_brand","embeddable":true,"href":"http:\/\/medicodentaire.ma\/index.php\/wp-json\/wp\/v2\/product_brand?post=10887"},{"taxonomy":"product_cat","embeddable":true,"href":"http:\/\/medicodentaire.ma\/index.php\/wp-json\/wp\/v2\/product_cat?post=10887"},{"taxonomy":"product_tag","embeddable":true,"href":"http:\/\/medicodentaire.ma\/index.php\/wp-json\/wp\/v2\/product_tag?post=10887"}],"curies":[{"name":"wp","href":"https:\/\/api.w.org\/{rel}","templated":true}]}}